{"id":1906,"date":"2025-03-11T07:39:13","date_gmt":"2025-03-11T07:39:13","guid":{"rendered":"https:\/\/turismoaxarquiacostadelsol.com\/?page_id=1906"},"modified":"2025-03-22T16:48:13","modified_gmt":"2025-03-22T16:48:13","slug":"wie-man-dorthin-kommt","status":"publish","type":"page","link":"https:\/\/turismoaxarquiacostadelsol.com\/de\/como-llegar\/","title":{"rendered":"Wie man dorthin kommt"},"content":{"rendered":"<div data-elementor-type=\"wp-page\" data-elementor-id=\"1906\" class=\"elementor elementor-1906\" data-elementor-post-type=\"page\">\n\t\t\t\t<div class=\"elementor-element elementor-element-6d48616 e-flex e-con-boxed e-con e-parent\" data-id=\"6d48616\" data-element_type=\"container\" data-settings=\"{&quot;background_background&quot;:&quot;classic&quot;}\">\n\t\t\t\t\t<div class=\"e-con-inner\">\n\t\t\t\t<div class=\"elementor-element elementor-element-0cae88f elementor-icon-list--layout-inline elementor-list-item-link-full_width elementor-widget elementor-widget-icon-list\" data-id=\"0cae88f\" data-element_type=\"widget\" data-widget_type=\"icon-list.default\">\n\t\t\t\t<div class=\"elementor-widget-container\">\n\t\t\t\t\t\t\t<ul class=\"elementor-icon-list-items elementor-inline-items\">\n\t\t\t\t\t\t\t<li class=\"elementor-icon-list-item elementor-inline-item\">\n\t\t\t\t\t\t\t\t\t\t\t<a href=\"https:\/\/turismoaxarquiacostadelsol.com\/de\/\">\n\n\t\t\t\t\t\t\t\t\t\t\t<span class=\"elementor-icon-list-text\">Startseite<\/span>\n\t\t\t\t\t\t\t\t\t\t\t<\/a>\n\t\t\t\t\t\t\t\t\t<\/li>\n\t\t\t\t\t\t\t\t<li class=\"elementor-icon-list-item elementor-inline-item\">\n\t\t\t\t\t\t\t\t\t\t\t<span class=\"elementor-icon-list-icon\">\n\t\t\t\t\t\t\t<svg aria-hidden=\"true\" class=\"e-font-icon-svg e-fas-chevron-right\" viewbox=\"0 0 320 512\" xmlns=\"http:\/\/www.w3.org\/2000\/svg\"><path d=\"M285.476 272.971L91.132 467.314c-9.373 9.373-24.569 9.373-33.941 0l-22.667-22.667c-9.357-9.357-9.375-24.522-.04-33.901L188.505 256 34.484 101.255c-9.335-9.379-9.317-24.544.04-33.901l22.667-22.667c9.373-9.373 24.569-9.373 33.941 0L285.475 239.03c9.373 9.372 9.373 24.568.001 33.941z\"><\/path><\/svg>\t\t\t\t\t\t<\/span>\n\t\t\t\t\t\t\t\t\t\t<span class=\"elementor-icon-list-text\"><\/span>\n\t\t\t\t\t\t\t\t\t<\/li>\n\t\t\t\t\t\t<\/ul>\n\t\t\t\t\t\t<\/div>\n\t\t\t\t<\/div>\n\t\t\t\t<div class=\"elementor-element elementor-element-d17a828 elementor-widget__width-initial elementor-widget-tablet__width-inherit elementor-widget elementor-widget-text-editor\" data-id=\"d17a828\" data-element_type=\"widget\" data-widget_type=\"text-editor.default\">\n\t\t\t\t<div class=\"elementor-widget-container\">\n\t\t\t\t\t\t\t\t\t<p>La Axarquia erwartet Sie, ein Reiseziel voller Charme, das Sie mit seinen wei\u00dfen D\u00f6rfern, unber\u00fchrten Str\u00e4nden und authentischen Geschmackserlebnissen \u00fcberzeugen wird. Ob mit dem Auto, dem Zug, dem Bus oder sogar dem Flugzeug, die Anreise ist einfacher als Sie denken. Entdecken Sie die besten Routen und Transportm\u00f6glichkeiten, um Ihre Reise zu diesem Juwel von M\u00e1laga zu planen und fangen Sie noch heute an, Ihren Weg in die Axarquia zu planen!\"<\/p>\t\t\t\t\t\t\t\t<\/div>\n\t\t\t\t<\/div>\n\t\t\t\t\t<\/div>\n\t\t\t\t<\/div>\n\t\t<div class=\"elementor-element elementor-element-d08e7db e-flex e-con-boxed e-con e-parent\" data-id=\"d08e7db\" data-element_type=\"container\">\n\t\t\t\t\t<div class=\"e-con-inner\">\n\t\t<div class=\"elementor-element elementor-element-fea2f18 e-con-full e-flex e-con e-child\" data-id=\"fea2f18\" data-element_type=\"container\" data-settings=\"{&quot;background_background&quot;:&quot;classic&quot;}\">\n\t\t\t\t<div class=\"elementor-element elementor-element-93feb03 elementor-widget elementor-widget-html\" data-id=\"93feb03\" data-element_type=\"widget\" data-widget_type=\"html.default\">\n\t\t\t\t<div class=\"elementor-widget-container\">\n\t\t\t\t\t<iframe src=\"https:\/\/www.google.com\/maps\/embed?pb=!1m10!1m8!1m3!1d51145.83611886088!2d-4.08897459257467!3d36.755817099935655!3m2!1i1024!2i768!4f13.1!5e0!3m2!1ses!2ses!4v1742400048811!5m2!1ses!2ses\" width=\"600\" height=\"350\" style=\"border:0;border-radius:20px\" allowfullscreen=\"\" loading=\"lazy\" referrerpolicy=\"no-referrer-when-downgrade\"><\/iframe>\t\t\t\t<\/div>\n\t\t\t\t<\/div>\n\t\t\t\t<\/div>\n\t\t<div class=\"elementor-element elementor-element-9741457 e-con-full e-flex e-con e-child\" data-id=\"9741457\" data-element_type=\"container\">\n\t\t\t\t<div class=\"elementor-element elementor-element-af85b58 elementor-widget elementor-widget-heading\" data-id=\"af85b58\" data-element_type=\"widget\" data-widget_type=\"heading.default\">\n\t\t\t\t<div class=\"elementor-widget-container\">\n\t\t\t\t\t<h4 class=\"elementor-heading-title elementor-size-default\">Mit dem Auto: Die flexibelste Route<\/h4>\t\t\t\t<\/div>\n\t\t\t\t<\/div>\n\t\t\t\t<div class=\"elementor-element elementor-element-29e3dc2 elementor-widget elementor-widget-text-editor\" data-id=\"29e3dc2\" data-element_type=\"widget\" data-widget_type=\"text-editor.default\">\n\t\t\t\t<div class=\"elementor-widget-container\">\n\t\t\t\t\t\t\t\t\t<p><em data-spm-anchor-id=\"a2ty_o01.29997173.0.i6.32f7c9214WJAyt\">Die Axarquia ist \u00fcber die Stra\u00dfe gut angebunden. Von der Stadt M\u00e1laga aus nehmen Sie die A-7 oder die MA-356 in Richtung V\u00e9lez-M\u00e1laga und entdecken die wei\u00dfen D\u00f6rfer der Region.<\/em><\/p>\t\t\t\t\t\t\t\t<\/div>\n\t\t\t\t<\/div>\n\t\t\t\t<\/div>\n\t\t\t\t\t<\/div>\n\t\t\t\t<\/div>\n\t\t<div class=\"elementor-element elementor-element-6ddf645 e-flex e-con-boxed e-con e-parent\" data-id=\"6ddf645\" data-element_type=\"container\">\n\t\t\t\t\t<div class=\"e-con-inner\">\n\t\t<div class=\"elementor-element elementor-element-1a45cc3 e-con-full e-flex e-con e-child\" data-id=\"1a45cc3\" data-element_type=\"container\">\n\t\t\t\t<div class=\"elementor-element elementor-element-f355b30 elementor-widget elementor-widget-heading\" data-id=\"f355b30\" data-element_type=\"widget\" data-widget_type=\"heading.default\">\n\t\t\t\t<div class=\"elementor-widget-container\">\n\t\t\t\t\t<h4 class=\"elementor-heading-title elementor-size-default\">Mit dem Bus: G\u00fcnstig und bequem<\/h4>\t\t\t\t<\/div>\n\t\t\t\t<\/div>\n\t\t\t\t<div class=\"elementor-element elementor-element-a2e4669 elementor-widget elementor-widget-text-editor\" data-id=\"a2e4669\" data-element_type=\"widget\" data-widget_type=\"text-editor.default\">\n\t\t\t\t<div class=\"elementor-widget-container\">\n\t\t\t\t\t\t\t\t\t<p>Es gibt mehrere Buslinien, die M\u00e1laga mit den wichtigsten D\u00f6rfern der Axarquia verbinden.&nbsp;<\/p>\t\t\t\t\t\t\t\t<\/div>\n\t\t\t\t<\/div>\n\t\t\t\t<div class=\"elementor-element elementor-element-aa611c2 elementor-widget elementor-widget-button\" data-id=\"aa611c2\" data-element_type=\"widget\" data-widget_type=\"button.default\">\n\t\t\t\t<div class=\"elementor-widget-container\">\n\t\t\t\t\t\t\t\t\t<div class=\"elementor-button-wrapper\">\n\t\t\t\t\t<a class=\"elementor-button elementor-button-link elementor-size-sm\" href=\"https:\/\/ctmam.es\/lineas\/\">\n\t\t\t\t\t\t<span class=\"elementor-button-content-wrapper\">\n\t\t\t\t\t\t\t\t\t<span class=\"elementor-button-text\">Fahrpl\u00e4ne hier einsehen<\/span>\n\t\t\t\t\t<\/span>\n\t\t\t\t\t<\/a>\n\t\t\t\t<\/div>\n\t\t\t\t\t\t\t\t<\/div>\n\t\t\t\t<\/div>\n\t\t\t\t<\/div>\n\t\t<div class=\"elementor-element elementor-element-9373678 e-con-full e-flex e-con e-child\" data-id=\"9373678\" data-element_type=\"container\" data-settings=\"{&quot;background_background&quot;:&quot;classic&quot;}\">\n\t\t\t\t<div class=\"elementor-element elementor-element-f05b6ac elementor-widget elementor-widget-html\" data-id=\"f05b6ac\" data-element_type=\"widget\" data-widget_type=\"html.default\">\n\t\t\t\t<div class=\"elementor-widget-container\">\n\t\t\t\t\t<iframe src=\"https:\/\/www.google.com\/maps\/embed?pb=!1m16!1m12!1m3!1d60822.93685270003!2d-4.124021484158349!3d36.755886925161754!2m3!1f0!2f0!3f0!3m2!1i1024!2i768!4f13.1!2m1!1sEstaciones%20de%20transporte%20p%C3%BAblico!5e0!3m2!1ses!2ses!4v1742400162039!5m2!1ses!2ses\" width=\"600\" height=\"350\" style=\"border:0;border-radius:20px\" allowfullscreen=\"\" loading=\"lazy\" referrerpolicy=\"no-referrer-when-downgrade\"><\/iframe>\t\t\t\t<\/div>\n\t\t\t\t<\/div>\n\t\t\t\t<\/div>\n\t\t\t\t\t<\/div>\n\t\t\t\t<\/div>\n\t\t<div class=\"elementor-element elementor-element-fd128e7 e-flex e-con-boxed e-con e-parent\" data-id=\"fd128e7\" data-element_type=\"container\">\n\t\t\t\t\t<div class=\"e-con-inner\">\n\t\t<div class=\"elementor-element elementor-element-9bf6483 e-con-full e-flex e-con e-child\" data-id=\"9bf6483\" data-element_type=\"container\" data-settings=\"{&quot;background_background&quot;:&quot;classic&quot;}\">\n\t\t\t\t<\/div>\n\t\t<div class=\"elementor-element elementor-element-203b5f3 e-con-full e-flex e-con e-child\" data-id=\"203b5f3\" data-element_type=\"container\">\n\t\t\t\t<div class=\"elementor-element elementor-element-8806bd1 elementor-widget elementor-widget-heading\" data-id=\"8806bd1\" data-element_type=\"widget\" data-widget_type=\"heading.default\">\n\t\t\t\t<div class=\"elementor-widget-container\">\n\t\t\t\t\t<h4 class=\"elementor-heading-title elementor-size-default\">Mit dem Zug: Verbindung mit der Axarquia \u00fcber M\u00e1laga<\/h4>\t\t\t\t<\/div>\n\t\t\t\t<\/div>\n\t\t\t\t<div class=\"elementor-element elementor-element-70208fb elementor-widget elementor-widget-text-editor\" data-id=\"70208fb\" data-element_type=\"widget\" data-widget_type=\"text-editor.default\">\n\t\t\t\t<div class=\"elementor-widget-container\">\n\t\t\t\t\t\t\t\t\t<p><em data-spm-anchor-id=\"a2ty_o01.29997173.0.i17.32f7c9214WJAyt\">Der Zug ist eine bequeme und nachhaltige Option f\u00fcr die Anreise in die Axarquia. Fahren Sie zun\u00e4chst mit dem Zug von \u00fcberall in Spanien nach M\u00e1laga und erkunden Sie von dort aus mit dem Bus oder einem Mietwagen die charmanten D\u00f6rfer der Region.<\/em><\/p>\t\t\t\t\t\t\t\t<\/div>\n\t\t\t\t<\/div>\n\t\t\t\t<div class=\"elementor-element elementor-element-0262ffa elementor-widget elementor-widget-button\" data-id=\"0262ffa\" data-element_type=\"widget\" data-widget_type=\"button.default\">\n\t\t\t\t<div class=\"elementor-widget-container\">\n\t\t\t\t\t\t\t\t\t<div class=\"elementor-button-wrapper\">\n\t\t\t\t\t<a class=\"elementor-button elementor-button-link elementor-size-sm\" href=\"https:\/\/www.renfe.com\/es\/es\/viajar\/informacion-util\/horarios\">\n\t\t\t\t\t\t<span class=\"elementor-button-content-wrapper\">\n\t\t\t\t\t\t\t\t\t<span class=\"elementor-button-text\">Fahrpl\u00e4ne hier einsehen<\/span>\n\t\t\t\t\t<\/span>\n\t\t\t\t\t<\/a>\n\t\t\t\t<\/div>\n\t\t\t\t\t\t\t\t<\/div>\n\t\t\t\t<\/div>\n\t\t\t\t<\/div>\n\t\t\t\t\t<\/div>\n\t\t\t\t<\/div>\n\t\t<div class=\"elementor-element elementor-element-5b3bf36 e-flex e-con-boxed e-con e-parent\" data-id=\"5b3bf36\" data-element_type=\"container\">\n\t\t\t\t\t<div class=\"e-con-inner\">\n\t\t<div class=\"elementor-element elementor-element-e60a6fa e-con-full e-flex e-con e-child\" data-id=\"e60a6fa\" data-element_type=\"container\">\n\t\t\t\t<div class=\"elementor-element elementor-element-03a3217 elementor-widget elementor-widget-heading\" data-id=\"03a3217\" data-element_type=\"widget\" data-widget_type=\"heading.default\">\n\t\t\t\t<div class=\"elementor-widget-container\">\n\t\t\t\t\t<h4 class=\"elementor-heading-title elementor-size-default\">Mit dem Flugzeug: Ankunft am Flughafen Malaga-Costa del Sol<\/h4>\t\t\t\t<\/div>\n\t\t\t\t<\/div>\n\t\t\t\t<div class=\"elementor-element elementor-element-98e7b6f elementor-widget elementor-widget-text-editor\" data-id=\"98e7b6f\" data-element_type=\"widget\" data-widget_type=\"text-editor.default\">\n\t\t\t\t<div class=\"elementor-widget-container\">\n\t\t\t\t\t\t\t\t\t<p><em data-spm-anchor-id=\"a2ty_o01.29997173.0.i22.32f7c9214WJAyt\">Der internationale Flughafen von M\u00e1laga ist nur 45 Autominuten von der Axarquia entfernt. Von dort aus k\u00f6nnen Sie ein Auto mieten oder einen Bus nehmen.<\/em><\/p>\t\t\t\t\t\t\t\t<\/div>\n\t\t\t\t<\/div>\n\t\t\t\t<div class=\"elementor-element elementor-element-7ee1c5c elementor-widget elementor-widget-button\" data-id=\"7ee1c5c\" data-element_type=\"widget\" data-widget_type=\"button.default\">\n\t\t\t\t<div class=\"elementor-widget-container\">\n\t\t\t\t\t\t\t\t\t<div class=\"elementor-button-wrapper\">\n\t\t\t\t\t<a class=\"elementor-button elementor-button-link elementor-size-sm\" href=\"https:\/\/www.aena.es\/es\/malaga-costa-del-sol.html\">\n\t\t\t\t\t\t<span class=\"elementor-button-content-wrapper\">\n\t\t\t\t\t\t\t\t\t<span class=\"elementor-button-text\">Fahrpl\u00e4ne hier einsehen<\/span>\n\t\t\t\t\t<\/span>\n\t\t\t\t\t<\/a>\n\t\t\t\t<\/div>\n\t\t\t\t\t\t\t\t<\/div>\n\t\t\t\t<\/div>\n\t\t\t\t<\/div>\n\t\t<div class=\"elementor-element elementor-element-983ea6f e-con-full e-flex e-con e-child\" data-id=\"983ea6f\" data-element_type=\"container\" data-settings=\"{&quot;background_background&quot;:&quot;classic&quot;}\">\n\t\t\t\t<div class=\"elementor-element elementor-element-ed06e21 elementor-widget elementor-widget-html\" data-id=\"ed06e21\" data-element_type=\"widget\" data-widget_type=\"html.default\">\n\t\t\t\t<div class=\"elementor-widget-container\">\n\t\t\t\t\t<iframe src=\"https:\/\/www.google.com\/maps\/embed?pb=!1m18!1m12!1m3!1d30444.22596864893!2d-4.491425911108792!3d36.673177163144544!2m3!1f0!2f0!3f0!3m2!1i1024!2i768!4f13.1!3m3!1m2!1s0xd72fa1876ba30a5%3A0x57b5ad2f47de3e9a!2sAeropuerto%20de%20M%C3%A1laga%20-%20Costa%20del%20Sol!5e0!3m2!1ses!2ses!4v1742400963571!5m2!1ses!2ses\" width=\"600\" height=\"350\" style=\"border:0;border-radius:20px\" allowfullscreen=\"\" loading=\"lazy\" referrerpolicy=\"no-referrer-when-downgrade\"><\/iframe>\t\t\t\t<\/div>\n\t\t\t\t<\/div>\n\t\t\t\t<\/div>\n\t\t\t\t\t<\/div>\n\t\t\t\t<\/div>\n\t\t\t\t<\/div>","protected":false},"excerpt":{"rendered":"<p>Inicio La Axarqu\u00eda te espera, un destino lleno de encanto donde los pueblos blancos, las playas v\u00edrgenes y los sabores aut\u00e9nticos te conquistar\u00e1n. Ya sea en coche, tren, autob\u00fas o incluso avi\u00f3n, llegar hasta aqu\u00ed es m\u00e1s f\u00e1cil de lo que imaginas. Descubre las mejores rutas y opciones de transporte para planificar tu viaje a [&hellip;]<\/p>\n","protected":false},"author":1,"featured_media":0,"parent":0,"menu_order":0,"comment_status":"closed","ping_status":"closed","template":"","meta":{"footnotes":""},"class_list":["post-1906","page","type-page","status-publish","hentry"],"_links":{"self":[{"href":"https:\/\/turismoaxarquiacostadelsol.com\/de\/wp-json\/wp\/v2\/pages\/1906","targetHints":{"allow":["GET"]}}],"collection":[{"href":"https:\/\/turismoaxarquiacostadelsol.com\/de\/wp-json\/wp\/v2\/pages"}],"about":[{"href":"https:\/\/turismoaxarquiacostadelsol.com\/de\/wp-json\/wp\/v2\/types\/page"}],"author":[{"embeddable":true,"href":"https:\/\/turismoaxarquiacostadelsol.com\/de\/wp-json\/wp\/v2\/users\/1"}],"replies":[{"embeddable":true,"href":"https:\/\/turismoaxarquiacostadelsol.com\/de\/wp-json\/wp\/v2\/comments?post=1906"}],"version-history":[{"count":14,"href":"https:\/\/turismoaxarquiacostadelsol.com\/de\/wp-json\/wp\/v2\/pages\/1906\/revisions"}],"predecessor-version":[{"id":4762,"href":"https:\/\/turismoaxarquiacostadelsol.com\/de\/wp-json\/wp\/v2\/pages\/1906\/revisions\/4762"}],"wp:attachment":[{"href":"https:\/\/turismoaxarquiacostadelsol.com\/de\/wp-json\/wp\/v2\/media?parent=1906"}],"curies":[{"name":"wp","href":"https:\/\/api.w.org\/{rel}","templated":true}]}}