{"id":3676,"date":"2025-04-30T14:58:29","date_gmt":"2025-04-30T12:58:29","guid":{"rendered":"https:\/\/turismoaxarquiacostadelsol.com\/?page_id=3676"},"modified":"2025-07-01T11:16:12","modified_gmt":"2025-07-01T09:16:12","slug":"rechtlicher-hinweis-und-allgemeine-nutzungsbedingungen","status":"publish","type":"page","link":"https:\/\/turismoaxarquiacostadelsol.com\/de\/aviso-legal-y-condiciones-generales-de-uso\/","title":{"rendered":"RECHTLICHER HINWEIS UND ALLGEMEINE NUTZUNGSBEDINGUNGEN"},"content":{"rendered":"<p>I. ALLGEMEINE INFORMATIONEN<\/p>\n<p>In Erf\u00fcllung der Informationspflicht gem\u00e4\u00df dem Gesetz 34\/2002 \u00fcber die Dienste der Informationsgesellschaft und den elektronischen Gesch\u00e4ftsverkehr (LSSI-CE) vom 11. Juli werden im Folgenden die allgemeinen Informationen zu dieser Website gegeben:<br \/>\nEigent\u00fcmer dieser Website https:\/\/turismoaxarquiacostadelsol.com\/ (im Folgenden Website) ist: Mancomunidad de Municipios de la Costa del Sol Axarquia, mit NIF: P2909401H und eingetragen in: Avda Andalucia 110 mit den folgenden Registerangaben: Mancomunidad de Municipios de la Costa del Sol Axarquia, deren Vertreter ist: Mancomunidad de Municipios de la Costa del Sol Axarquia, und deren Kontaktdaten sind:<br \/>\nAnschrift: Avda Andalucia 110<br \/>\nKontakttelefon: 952542808<br \/>\nE-Mail-Kontakt: turismoaxarquia@mancomunidadaxarquia.com<\/p>\n<p>II. ALLGEMEINE NUTZUNGSBEDINGUNGEN<\/p>\n<p>Der Zweck der Bedingungen: Die Website Der Zweck dieser Allgemeinen Nutzungsbedingungen (im Folgenden \"Bedingungen\") besteht darin, den Zugang zu und die Nutzung der Website zu regeln. F\u00fcr die Zwecke der vorliegenden<br \/>\nUnter Bedingungen ist die Website zu verstehen: das \u00e4u\u00dfere Erscheinungsbild der Bildschirmschnittstellen, sowohl statisch als auch dynamisch, d.h. der Navigationsbaum; und alle Elemente, die sowohl in die Bildschirmschnittstellen als auch in den Navigationsbaum integriert sind (im Folgenden: Inhalt) sowie alle Online-Dienste oder Ressourcen, die sie den Nutzern anbieten kann (im Folgenden: Dienste).<\/p>\n<p>Mancomunidad Municipios Costa del Sol Axarquia beh\u00e4lt sich das Recht vor, jederzeit und ohne Vorank\u00fcndigung die Pr\u00e4sentation und Konfiguration der Website sowie die Inhalte und Dienstleistungen, die darin enthalten sein k\u00f6nnen, zu \u00e4ndern. Der Benutzer erkennt an und akzeptiert, dass die Mancomunidad Municipios Costa del Sol Axarquia jederzeit eines dieser Elemente, die in die Website integriert sind, oder den Zugang zu ihnen unterbrechen, deaktivieren und\/oder l\u00f6schen kann.<br \/>\nDer Zugang des Nutzers zur Website ist kostenlos und erfolgt in der Regel unentgeltlich, ohne dass der Nutzer daf\u00fcr eine Gegenleistung erbringen muss, mit Ausnahme der Kosten f\u00fcr die Verbindung \u00fcber das Telekommunikationsnetz, die von dem vom Nutzer beauftragten Zugangsanbieter bereitgestellt werden. Die Nutzung von Inhalten oder Diensten der Website kann durch ein vorheriges Abonnement oder eine Registrierung des Nutzers erfolgen.<\/p>\n<p>Der Benutzer<\/p>\n<p>Der Zugang, das Surfen und die Nutzung der Website verleihen dem Nutzer die Eigenschaft eines Benutzers, und daher akzeptiert der Nutzer von dem Moment an, in dem er auf der Website surft, alle hier festgelegten Bedingungen sowie alle sp\u00e4teren \u00c4nderungen, unbeschadet der Anwendung der entsprechenden gesetzlichen Bestimmungen, die in jedem Fall eingehalten werden m\u00fcssen. In Anbetracht der Bedeutung des Vorstehenden wird dem Benutzer empfohlen, sie jedes Mal zu lesen, wenn er\/sie<br \/>\nbesuchen Sie die Website.<\/p>\n<p>Die Website der Mancomunidad Municipios Costa del Sol Axarquia bietet eine breite Palette von Informationen, Dienstleistungen und Daten. Der Benutzer \u00fcbernimmt die Verantwortung f\u00fcr die korrekte Nutzung der Website. Diese Verantwortung erstreckt sich auf:<br \/>\nEine Nutzung der von Mancomunidad Municipios Costa del Sol Axarquia angebotenen Informationen, Inhalte und\/oder Dienstleistungen und Daten, die gegen die Bestimmungen dieser Bedingungen, das Gesetz, die guten Sitten oder die \u00f6ffentliche Ordnung verst\u00f6\u00dft oder in sonstiger Weise die Rechte Dritter oder das Funktionieren der Website beeintr\u00e4chtigen kann.<\/p>\n<p>Die Richtigkeit und Rechtm\u00e4\u00dfigkeit der Informationen, die der Benutzer in den von der Mancomunidad Municipios Costa del Sol Axarquia bereitgestellten Formularen f\u00fcr den Zugang zu bestimmten Inhalten oder von der Website angebotenen Dienstleistungen angibt. In jedem Fall muss der Benutzer Mancomunidad Municipios Costa del Sol Axarquia unverz\u00fcglich \u00fcber jeden Umstand informieren, der eine missbr\u00e4uchliche Verwendung der in den genannten Formularen eingetragenen Informationen erm\u00f6glicht, wie z. B., aber nicht ausschlie\u00dflich, Diebstahl, Verlust oder unbefugter Zugriff auf Kennungen und\/oder Passw\u00f6rter, um deren sofortige L\u00f6schung zu veranlassen.<br \/>\nDer blo\u00dfe Zugriff auf diese Website impliziert keine Art von Gesch\u00e4ftsbeziehung zwischen Mancomunidad Municipios Costa del Sol Axarquia und dem Benutzer.<br \/>\nIn \u00dcbereinstimmung mit der geltenden Gesetzgebung richtet sich diese Website der Mancomunidad Municipios Costa del Sol Axarquia an alle Personen, unabh\u00e4ngig von ihrem Alter, die auf die Seiten der Website zugreifen und\/oder diese durchsuchen k\u00f6nnen.<\/p>\n<p>III. ZUGANG UND NAVIGATION AUF DER WEBSITE: AUSSCHLUSS VON GEW\u00c4HRLEISTUNG UND HAFTUNG<\/p>\n<p>Mancomunidad Municipios Costa del Sol Axarquia \u00fcbernimmt keine Garantie f\u00fcr die Kontinuit\u00e4t, Verf\u00fcgbarkeit und N\u00fctzlichkeit der Website, noch f\u00fcr die Inhalte oder Dienstleistungen.<br \/>\nMancomunidad Municipios Costa del Sol Axarquia wird alle Anstrengungen unternehmen, um das ordnungsgem\u00e4\u00dfe Funktionieren der Website zu gew\u00e4hrleisten, ist jedoch nicht daf\u00fcr verantwortlich und garantiert nicht, dass der Zugang zu dieser Website ununterbrochen oder fehlerfrei ist.<\/p>\n<p>Sie ist auch nicht daf\u00fcr verantwortlich und garantiert nicht, dass die Inhalte oder die Software, auf die \u00fcber diese Website zugegriffen werden kann, fehlerfrei sind oder Sch\u00e4den am Computersystem (Software und Hardware) des Benutzers verursachen. Unter keinen Umst\u00e4nden haftet Mancomunidad Municipios Costa del Sol Axarquia f\u00fcr Verluste, Sch\u00e4den oder Beeintr\u00e4chtigungen jeglicher Art, die sich aus dem Zugriff auf die Website, dem Browsen oder der Nutzung der Website ergeben, einschlie\u00dflich, aber nicht beschr\u00e4nkt auf Sch\u00e4den an Computersystemen oder solche, die durch die Einf\u00fchrung von Viren verursacht werden.<\/p>\n<p>Mancomunidad Municipios Costa del Sol Axarquia haftet auch nicht f\u00fcr Sch\u00e4den, die den Nutzern durch eine unsachgem\u00e4\u00dfe Nutzung dieser Website entstehen k\u00f6nnen.<\/p>\n<p>Insbesondere haftet sie in keiner Weise f\u00fcr eventuelle Ausf\u00e4lle, Unterbrechungen, St\u00f6rungen oder M\u00e4ngel in der Telekommunikation.<\/p>\n<p>IV. KOPPLUNGSPOLITIK<\/p>\n<p>Wir informieren Sie dar\u00fcber, dass die Website der Mancomunidad Municipios Costa del Sol Axarquia den Benutzern Mittel zur Verkn\u00fcpfung (wie z.B. Links, Banner, Schaltfl\u00e4chen), Verzeichnisse und Suchmaschinen zur Verf\u00fcgung stellt oder stellen kann, die den Benutzern den Zugang zu Websites erm\u00f6glichen, die Dritten geh\u00f6ren und\/oder von diesen verwaltet werden.<\/p>\n<p>Die Einrichtung dieser Links, Verzeichnisse und Suchmaschinen auf der Website soll den Nutzern die Suche nach und den Zugang zu den im Internet verf\u00fcgbaren Informationen erleichtern und darf nicht als Vorschlag, Empfehlung oder Aufforderung zum Besuch dieser Websites angesehen werden.<\/p>\n<p>Die Mancomunidad Municipios Costa del Sol Axarquia bietet oder vermarktet weder in eigenem Namen noch \u00fcber Dritte die auf diesen verlinkten Websites verf\u00fcgbaren Produkte und\/oder Dienstleistungen.<\/p>\n<p>Sie \u00fcbernimmt auch keine Garantie f\u00fcr die technische Verf\u00fcgbarkeit, Genauigkeit, Richtigkeit, G\u00fcltigkeit oder Rechtm\u00e4\u00dfigkeit von Websites, die nicht in ihrem Besitz sind und auf die \u00fcber die Links zugegriffen werden kann.<\/p>\n<p>Mancomunidad Municipios Costa del Sol Axarquia \u00fcberpr\u00fcft oder kontrolliert unter keinen Umst\u00e4nden den Inhalt anderer Websites und billigt, pr\u00fcft oder unterst\u00fctzt auch nicht die Produkte und Dienstleistungen, den Inhalt, die Dateien und jegliches andere Material, das auf den vorgenannten verlinkten Websites vorhanden ist.<\/p>\n<p>Die Mancomunidad Municipios Costa del Sol Axarquia \u00fcbernimmt keine Verantwortung f\u00fcr Sch\u00e4den, die sich aus dem Zugang, der Nutzung, der Qualit\u00e4t oder der Rechtm\u00e4\u00dfigkeit der Inhalte, Mitteilungen, Meinungen, Produkte und Dienstleistungen von Websites ergeben k\u00f6nnen, die nicht von der Mancomunidad Municipios Costa del Sol Axarquia verwaltet werden und die mit dieser Website verlinkt sind.<\/p>\n<p>Der Benutzer oder ein Dritter, der einen Hyperlink von einer anderen Webseite auf die Webseite der Mancomunidad Municipios Costa del Sol Axarquia setzt, muss wissen, dass:<br \/>\nDie Vervielf\u00e4ltigung - ganz oder teilweise - von Inhalten und\/oder Dienstleistungen der Website ist ohne ausdr\u00fcckliche Genehmigung der Mancomunidad Municipios Costa del Sol Axarquia nicht gestattet.<\/p>\n<p>Es ist nicht gestattet, falsche, ungenaue oder unrichtige Angaben \u00fcber die Website der Mancomunidad Municipios Costa del Sol Axarquia oder \u00fcber die Inhalte und\/oder Dienstleistungen derselben zu machen.<\/p>\n<p>Mit Ausnahme des Hyperlinks darf die Website, auf der der Hyperlink eingerichtet ist, keine Elemente dieser Website enthalten, die nach spanischem Recht als geistiges Eigentum gesch\u00fctzt sind, es sei denn, die Mancomunidad Municipios Costa del Sol Axarquia hat dies ausdr\u00fccklich genehmigt.<\/p>\n<p>Die Einrichtung eines Hyperlinks impliziert nicht die Existenz einer Beziehung zwischen Mancomunidad Municipios Costa del Sol Axarquia und dem Eigent\u00fcmer der Website, von der sie eingerichtet ist, noch das Wissen und die Akzeptanz von Mancomunidad Municipios Costa del Sol Axarquia der Inhalte, Dienstleistungen und \/ oder Aktivit\u00e4ten auf der genannten Website angeboten, und umgekehrt.<\/p>\n<p>V. GEISTIGES UND GEWERBLICHES EIGENTUM<\/p>\n<p>Mancomunidad Municipios Costa del Sol Axarquia selbst oder als Bevollm\u00e4chtigter ist Eigent\u00fcmer aller geistigen und gewerblichen Eigentumsrechte der Website sowie der darin enthaltenen Elemente (einschlie\u00dflich, aber nicht beschr\u00e4nkt auf Bilder, Ton, Audio, Video, Software oder Texte, Marken oder Logos, Farbkombinationen, Struktur und Design, Auswahl der verwendeten Materialien, Computerprogramme, die f\u00fcr den Betrieb, den Zugang und die Nutzung usw.). Es handelt sich also um Werke, die als geistiges Eigentum durch das spanische Rechtssystem gesch\u00fctzt sind, da auf sie sowohl die spanischen und gemeinschaftlichen Vorschriften in diesem Bereich als auch die von Spanien unterzeichneten internationalen Vertr\u00e4ge in diesem Bereich anwendbar sind.<br \/>\nAlle Rechte vorbehalten. Gem\u00e4\u00df den Bestimmungen des Gesetzes zum Schutz des geistigen Eigentums ist die Vervielf\u00e4ltigung, Verbreitung und \u00f6ffentliche Wiedergabe, einschlie\u00dflich der Zurverf\u00fcgungstellung, des gesamten oder eines Teils des Inhalts dieser Website zu kommerziellen Zwecken auf einem beliebigen Medium und mit beliebigen technischen Mitteln ohne Genehmigung der Mancomunidad Municipios Costa de la Costa ausdr\u00fccklich untersagt.<br \/>\ndel Sol Axarquia.<\/p>\n<p>Der Benutzer verpflichtet sich, die geistigen und gewerblichen Eigentumsrechte der Mancomunidad Municipios Costa del Sol Axarquia zu respektieren. Sie d\u00fcrfen die Elemente der Website ansehen oder sogar ausdrucken, kopieren und auf der Festplatte Ihres Computers oder einem anderen physischen Medium speichern, solange dies ausschlie\u00dflich f\u00fcr Ihren pers\u00f6nlichen Gebrauch geschieht. Der Benutzer darf jedoch keine auf der Website installierten Schutzvorrichtungen oder Sicherheitssysteme entfernen, ver\u00e4ndern oder manipulieren.<\/p>\n<p>F\u00fcr den Fall, dass der Benutzer oder ein Dritter der Ansicht ist, dass einer der Inhalte der Website eine Verletzung der Rechte des Schutzes des geistigen Eigentums beinhaltet, muss er\/sie Mancomunidad Municipios Costa del Sol Axarquia unverz\u00fcglich \u00fcber die Kontaktdaten im Abschnitt ALLGEMEINE INFORMATIONEN dieser rechtlichen Hinweise und allgemeinen Nutzungsbedingungen informieren.<\/p>\n<p>VI. GERICHTSVERFAHREN, ANWENDBARES RECHT UND GERICHTSBARKEIT<\/p>\n<p>Mancomunidad Municipios Costa del Sol Axarquia beh\u00e4lt sich das Recht vor, alle zivil- oder strafrechtlichen Ma\u00dfnahmen zu ergreifen, die sie f\u00fcr eine missbr\u00e4uchliche Nutzung der Website und ihrer Inhalte oder f\u00fcr eine Verletzung der vorliegenden Bedingungen f\u00fcr erforderlich h\u00e4lt.<\/p>\n<p>Die Beziehung zwischen dem Benutzer und der Mancomunidad Municipios Costa del Sol Axarquia unterliegt den geltenden und auf spanischem Gebiet anwendbaren Vorschriften. Im Falle von Streitigkeiten in Bezug auf die Auslegung und\/oder Anwendung dieser Bedingungen werden die Parteien ihre Konflikte der ordentlichen Gerichtsbarkeit unterwerfen und sich den Richtern und Gerichten unterwerfen, die dem Gesetz entsprechen.<\/p>","protected":false},"excerpt":{"rendered":"<p>I. INFORMACI\u00d3N GENERAL En cumplimiento con el deber de informaci\u00f3n dispuesto en la Ley 34\/2002 de Servicios de la Sociedad de la Informaci\u00f3n y el Comercio Electr\u00f3nico (LSSI-CE) de 11 de julio, se facilitan a continuaci\u00f3n los siguientes datos de informaci\u00f3n general de este sitio web: La titularidad de este sitio web, https:\/\/turismoaxarquiacostadelsol.com\/\u00a0(en adelante, Sitio [&hellip;]<\/p>\n","protected":false},"author":1,"featured_media":0,"parent":0,"menu_order":0,"comment_status":"closed","ping_status":"closed","template":"","meta":{"footnotes":""},"class_list":["post-3676","page","type-page","status-publish","hentry"],"_links":{"self":[{"href":"https:\/\/turismoaxarquiacostadelsol.com\/de\/wp-json\/wp\/v2\/pages\/3676","targetHints":{"allow":["GET"]}}],"collection":[{"href":"https:\/\/turismoaxarquiacostadelsol.com\/de\/wp-json\/wp\/v2\/pages"}],"about":[{"href":"https:\/\/turismoaxarquiacostadelsol.com\/de\/wp-json\/wp\/v2\/types\/page"}],"author":[{"embeddable":true,"href":"https:\/\/turismoaxarquiacostadelsol.com\/de\/wp-json\/wp\/v2\/users\/1"}],"replies":[{"embeddable":true,"href":"https:\/\/turismoaxarquiacostadelsol.com\/de\/wp-json\/wp\/v2\/comments?post=3676"}],"version-history":[{"count":3,"href":"https:\/\/turismoaxarquiacostadelsol.com\/de\/wp-json\/wp\/v2\/pages\/3676\/revisions"}],"predecessor-version":[{"id":4757,"href":"https:\/\/turismoaxarquiacostadelsol.com\/de\/wp-json\/wp\/v2\/pages\/3676\/revisions\/4757"}],"wp:attachment":[{"href":"https:\/\/turismoaxarquiacostadelsol.com\/de\/wp-json\/wp\/v2\/media?parent=3676"}],"curies":[{"name":"wp","href":"https:\/\/api.w.org\/{rel}","templated":true}]}}