{"id":676,"date":"2025-02-27T17:13:00","date_gmt":"2025-02-27T17:13:00","guid":{"rendered":"https:\/\/turismoaxarquiacostadelsol.com\/?page_id=676"},"modified":"2025-04-30T15:17:55","modified_gmt":"2025-04-30T13:17:55","slug":"kontakt","status":"publish","type":"page","link":"https:\/\/turismoaxarquiacostadelsol.com\/de\/contacto\/","title":{"rendered":"Kontakt"},"content":{"rendered":"\t\t<div data-elementor-type=\"wp-page\" data-elementor-id=\"676\" class=\"elementor elementor-676\" data-elementor-post-type=\"page\">\n\t\t\t\t<div class=\"elementor-element elementor-element-b33c0e4 e-flex e-con-boxed e-con e-parent\" data-id=\"b33c0e4\" data-element_type=\"container\" data-settings=\"{&quot;background_background&quot;:&quot;classic&quot;}\">\n\t\t\t\t\t<div class=\"e-con-inner\">\n\t\t\t\t<div class=\"elementor-element elementor-element-c7b86d0 elementor-icon-list--layout-inline elementor-list-item-link-full_width elementor-widget elementor-widget-icon-list\" data-id=\"c7b86d0\" data-element_type=\"widget\" data-widget_type=\"icon-list.default\">\n\t\t\t\t<div class=\"elementor-widget-container\">\n\t\t\t\t\t\t\t<ul class=\"elementor-icon-list-items elementor-inline-items\">\n\t\t\t\t\t\t\t<li class=\"elementor-icon-list-item elementor-inline-item\">\n\t\t\t\t\t\t\t\t\t\t\t<a href=\"https:\/\/turismoaxarquiacostadelsol.com\/de\/\">\n\n\t\t\t\t\t\t\t\t\t\t\t<span class=\"elementor-icon-list-text\">Inicio<\/span>\n\t\t\t\t\t\t\t\t\t\t\t<\/a>\n\t\t\t\t\t\t\t\t\t<\/li>\n\t\t\t\t\t\t\t\t<li class=\"elementor-icon-list-item elementor-inline-item\">\n\t\t\t\t\t\t\t\t\t\t\t<span class=\"elementor-icon-list-icon\">\n\t\t\t\t\t\t\t<svg aria-hidden=\"true\" class=\"e-font-icon-svg e-fas-chevron-right\" viewBox=\"0 0 320 512\" xmlns=\"http:\/\/www.w3.org\/2000\/svg\"><path d=\"M285.476 272.971L91.132 467.314c-9.373 9.373-24.569 9.373-33.941 0l-22.667-22.667c-9.357-9.357-9.375-24.522-.04-33.901L188.505 256 34.484 101.255c-9.335-9.379-9.317-24.544.04-33.901l22.667-22.667c9.373-9.373 24.569-9.373 33.941 0L285.475 239.03c9.373 9.372 9.373 24.568.001 33.941z\"><\/path><\/svg>\t\t\t\t\t\t<\/span>\n\t\t\t\t\t\t\t\t\t\t<span class=\"elementor-icon-list-text\">Contacto<\/span>\n\t\t\t\t\t\t\t\t\t<\/li>\n\t\t\t\t\t\t<\/ul>\n\t\t\t\t\t\t<\/div>\n\t\t\t\t<\/div>\n\t\t\t\t<div class=\"elementor-element elementor-element-ebb6ae9 elementor-widget elementor-widget-heading\" data-id=\"ebb6ae9\" data-element_type=\"widget\" data-widget_type=\"heading.default\">\n\t\t\t\t<div class=\"elementor-widget-container\">\n\t\t\t\t\t<h2 class=\"elementor-heading-title elementor-size-default\">Contacto<\/h2>\t\t\t\t<\/div>\n\t\t\t\t<\/div>\n\t\t\t\t\t<\/div>\n\t\t\t\t<\/div>\n\t\t<div class=\"elementor-element elementor-element-53c7bec e-flex e-con-boxed e-con e-parent\" data-id=\"53c7bec\" data-element_type=\"container\">\n\t\t\t\t\t<div class=\"e-con-inner\">\n\t\t<div class=\"elementor-element elementor-element-48b2409 e-con-full e-flex e-con e-child\" data-id=\"48b2409\" data-element_type=\"container\">\n\t\t\t\t<div class=\"elementor-element elementor-element-5b857da elementor-widget elementor-widget-heading\" data-id=\"5b857da\" data-element_type=\"widget\" data-widget_type=\"heading.default\">\n\t\t\t\t<div class=\"elementor-widget-container\">\n\t\t\t\t\t<h2 class=\"elementor-heading-title elementor-size-default\">\u00bfTienes alguna duda? Cont\u00e1ctanos<\/h2>\t\t\t\t<\/div>\n\t\t\t\t<\/div>\n\t\t\t\t<div class=\"elementor-element elementor-element-bfd3e95 elementor-widget elementor-widget-text-editor\" data-id=\"bfd3e95\" data-element_type=\"widget\" data-widget_type=\"text-editor.default\">\n\t\t\t\t<div class=\"elementor-widget-container\">\n\t\t\t\t\t\t\t\t\t<p>Mancomunidad Axarqu\u00eda-Costa del Sol es la instituci\u00f3n responsable de la gesti\u00f3n y promoci\u00f3n tur\u00edstica de la comarca.<\/p>\t\t\t\t\t\t\t\t<\/div>\n\t\t\t\t<\/div>\n\t\t\t\t<div class=\"elementor-element elementor-element-35d6788 elementor-icon-list--layout-traditional elementor-list-item-link-full_width elementor-widget elementor-widget-icon-list\" data-id=\"35d6788\" data-element_type=\"widget\" data-widget_type=\"icon-list.default\">\n\t\t\t\t<div class=\"elementor-widget-container\">\n\t\t\t\t\t\t\t<ul class=\"elementor-icon-list-items\">\n\t\t\t\t\t\t\t<li class=\"elementor-icon-list-item\">\n\t\t\t\t\t\t\t\t\t\t\t<a href=\"tel:+34952542808\" target=\"_blank\">\n\n\t\t\t\t\t\t\t\t\t\t\t\t<span class=\"elementor-icon-list-icon\">\n\t\t\t\t\t\t\t<svg aria-hidden=\"true\" class=\"e-font-icon-svg e-fas-phone-alt\" viewBox=\"0 0 512 512\" xmlns=\"http:\/\/www.w3.org\/2000\/svg\"><path d=\"M497.39 361.8l-112-48a24 24 0 0 0-28 6.9l-49.6 60.6A370.66 370.66 0 0 1 130.6 204.11l60.6-49.6a23.94 23.94 0 0 0 6.9-28l-48-112A24.16 24.16 0 0 0 122.6.61l-104 24A24 24 0 0 0 0 48c0 256.5 207.9 464 464 464a24 24 0 0 0 23.4-18.6l24-104a24.29 24.29 0 0 0-14.01-27.6z\"><\/path><\/svg>\t\t\t\t\t\t<\/span>\n\t\t\t\t\t\t\t\t\t\t<span class=\"elementor-icon-list-text\">+34 952 542 808<\/span>\n\t\t\t\t\t\t\t\t\t\t\t<\/a>\n\t\t\t\t\t\t\t\t\t<\/li>\n\t\t\t\t\t\t\t\t<li class=\"elementor-icon-list-item\">\n\t\t\t\t\t\t\t\t\t\t\t<a href=\"mailto:turismoaxarquia@mancomunidadaxarquia.com\" target=\"_blank\">\n\n\t\t\t\t\t\t\t\t\t\t\t\t<span class=\"elementor-icon-list-icon\">\n\t\t\t\t\t\t\t<svg aria-hidden=\"true\" class=\"e-font-icon-svg e-far-envelope\" viewBox=\"0 0 512 512\" xmlns=\"http:\/\/www.w3.org\/2000\/svg\"><path d=\"M464 64H48C21.49 64 0 85.49 0 112v288c0 26.51 21.49 48 48 48h416c26.51 0 48-21.49 48-48V112c0-26.51-21.49-48-48-48zm0 48v40.805c-22.422 18.259-58.168 46.651-134.587 106.49-16.841 13.247-50.201 45.072-73.413 44.701-23.208.375-56.579-31.459-73.413-44.701C106.18 199.465 70.425 171.067 48 152.805V112h416zM48 400V214.398c22.914 18.251 55.409 43.862 104.938 82.646 21.857 17.205 60.134 55.186 103.062 54.955 42.717.231 80.509-37.199 103.053-54.947 49.528-38.783 82.032-64.401 104.947-82.653V400H48z\"><\/path><\/svg>\t\t\t\t\t\t<\/span>\n\t\t\t\t\t\t\t\t\t\t<span class=\"elementor-icon-list-text\">turismoaxarquia@mancomunidadaxarquia.com<\/span>\n\t\t\t\t\t\t\t\t\t\t\t<\/a>\n\t\t\t\t\t\t\t\t\t<\/li>\n\t\t\t\t\t\t<\/ul>\n\t\t\t\t\t\t<\/div>\n\t\t\t\t<\/div>\n\t\t\t\t<div class=\"elementor-element elementor-element-850e9ac elementor-widget elementor-widget-heading\" data-id=\"850e9ac\" data-element_type=\"widget\" data-widget_type=\"heading.default\">\n\t\t\t\t<div class=\"elementor-widget-container\">\n\t\t\t\t\t<h2 class=\"elementor-heading-title elementor-size-default\">Redes Sociales<\/h2>\t\t\t\t<\/div>\n\t\t\t\t<\/div>\n\t\t\t\t<div class=\"elementor-element elementor-element-db9219e e-grid-align-left elementor-shape-rounded elementor-grid-0 elementor-widget elementor-widget-social-icons\" data-id=\"db9219e\" data-element_type=\"widget\" data-widget_type=\"social-icons.default\">\n\t\t\t\t<div class=\"elementor-widget-container\">\n\t\t\t\t\t\t\t<div class=\"elementor-social-icons-wrapper elementor-grid\" role=\"list\">\n\t\t\t\t\t\t\t<span class=\"elementor-grid-item\" role=\"listitem\">\n\t\t\t\t\t<a class=\"elementor-icon elementor-social-icon elementor-social-icon-facebook elementor-animation-grow elementor-repeater-item-c6ba52c\" href=\"https:\/\/www.facebook.com\/TurismoAxarquiaCostadelSol\" target=\"_blank\">\n\t\t\t\t\t\t<span class=\"elementor-screen-only\">Facebook<\/span>\n\t\t\t\t\t\t<svg aria-hidden=\"true\" class=\"e-font-icon-svg e-fab-facebook\" viewBox=\"0 0 512 512\" xmlns=\"http:\/\/www.w3.org\/2000\/svg\"><path d=\"M504 256C504 119 393 8 256 8S8 119 8 256c0 123.78 90.69 226.38 209.25 245V327.69h-63V256h63v-54.64c0-62.15 37-96.48 93.67-96.48 27.14 0 55.52 4.84 55.52 4.84v61h-31.28c-30.8 0-40.41 19.12-40.41 38.73V256h68.78l-11 71.69h-57.78V501C413.31 482.38 504 379.78 504 256z\"><\/path><\/svg>\t\t\t\t\t<\/a>\n\t\t\t\t<\/span>\n\t\t\t\t\t\t\t<span class=\"elementor-grid-item\" role=\"listitem\">\n\t\t\t\t\t<a class=\"elementor-icon elementor-social-icon elementor-social-icon-instagram elementor-animation-grow elementor-repeater-item-971e45b\" href=\"https:\/\/www.instagram.com\/turismoaxarquiacostadelsol\/?hl=es\" target=\"_blank\">\n\t\t\t\t\t\t<span class=\"elementor-screen-only\">Instagram<\/span>\n\t\t\t\t\t\t<svg aria-hidden=\"true\" class=\"e-font-icon-svg e-fab-instagram\" viewBox=\"0 0 448 512\" xmlns=\"http:\/\/www.w3.org\/2000\/svg\"><path d=\"M224.1 141c-63.6 0-114.9 51.3-114.9 114.9s51.3 114.9 114.9 114.9S339 319.5 339 255.9 287.7 141 224.1 141zm0 189.6c-41.1 0-74.7-33.5-74.7-74.7s33.5-74.7 74.7-74.7 74.7 33.5 74.7 74.7-33.6 74.7-74.7 74.7zm146.4-194.3c0 14.9-12 26.8-26.8 26.8-14.9 0-26.8-12-26.8-26.8s12-26.8 26.8-26.8 26.8 12 26.8 26.8zm76.1 27.2c-1.7-35.9-9.9-67.7-36.2-93.9-26.2-26.2-58-34.4-93.9-36.2-37-2.1-147.9-2.1-184.9 0-35.8 1.7-67.6 9.9-93.9 36.1s-34.4 58-36.2 93.9c-2.1 37-2.1 147.9 0 184.9 1.7 35.9 9.9 67.7 36.2 93.9s58 34.4 93.9 36.2c37 2.1 147.9 2.1 184.9 0 35.9-1.7 67.7-9.9 93.9-36.2 26.2-26.2 34.4-58 36.2-93.9 2.1-37 2.1-147.8 0-184.8zM398.8 388c-7.8 19.6-22.9 34.7-42.6 42.6-29.5 11.7-99.5 9-132.1 9s-102.7 2.6-132.1-9c-19.6-7.8-34.7-22.9-42.6-42.6-11.7-29.5-9-99.5-9-132.1s-2.6-102.7 9-132.1c7.8-19.6 22.9-34.7 42.6-42.6 29.5-11.7 99.5-9 132.1-9s102.7-2.6 132.1 9c19.6 7.8 34.7 22.9 42.6 42.6 11.7 29.5 9 99.5 9 132.1s2.7 102.7-9 132.1z\"><\/path><\/svg>\t\t\t\t\t<\/a>\n\t\t\t\t<\/span>\n\t\t\t\t\t\t\t<span class=\"elementor-grid-item\" role=\"listitem\">\n\t\t\t\t\t<a class=\"elementor-icon elementor-social-icon elementor-social-icon- elementor-animation-grow elementor-repeater-item-5f9f191\" href=\"https:\/\/www.tiktok.com\/@turismoaxarquia\" target=\"_blank\">\n\t\t\t\t\t\t<span class=\"elementor-screen-only\"><\/span>\n\t\t\t\t\t\t<svg xmlns=\"http:\/\/www.w3.org\/2000\/svg\" id=\"Capa_1\" height=\"512\" viewBox=\"0 0 512 512\" width=\"512\"><path d=\"m256 0c-141.363 0-256 114.637-256 256s114.637 256 256 256 256-114.637 256-256-114.637-256-256-256zm128.43 195.873v34.663c-16.345.006-32.226-3.197-47.204-9.516-9.631-4.066-18.604-9.305-26.811-15.636l.246 106.693c-.103 24.025-9.608 46.598-26.811 63.601-14 13.84-31.74 22.641-50.968 25.49-4.518.669-9.116 1.012-13.766 1.012-20.583 0-40.124-6.668-56.109-18.97-3.008-2.316-5.885-4.827-8.624-7.532-18.644-18.427-28.258-43.401-26.639-69.674 1.235-19.999 9.242-39.072 22.59-54.021 17.66-19.782 42.366-30.762 68.782-30.762 4.65 0 9.248.349 13.766 1.018v12.816 35.652c-4.284-1.413-8.859-2.19-13.623-2.19-24.134 0-43.659 19.69-43.298 43.842.229 15.453 8.67 28.961 21.12 36.407 5.851 3.5 12.582 5.668 19.765 6.062 5.628.309 11.032-.475 16.036-2.127 17.243-5.696 29.682-21.892 29.682-40.994l.057-71.447v-130.44h47.736c.046 4.73.526 9.345 1.418 13.817 3.603 18.101 13.806 33.805 28.006 44.511 12.382 9.339 27.8 14.875 44.511 14.875.011 0 .149 0 .137-.011v12.861z\"><\/path><\/svg>\t\t\t\t\t<\/a>\n\t\t\t\t<\/span>\n\t\t\t\t\t<\/div>\n\t\t\t\t\t\t<\/div>\n\t\t\t\t<\/div>\n\t\t\t\t<\/div>\n\t\t<div class=\"elementor-element elementor-element-c3dd8a5 e-con-full e-flex e-con e-child\" data-id=\"c3dd8a5\" data-element_type=\"container\">\n\t\t\t\t<div class=\"elementor-element elementor-element-67fdba0 elementor-button-align-stretch elementor-widget elementor-widget-form\" data-id=\"67fdba0\" data-element_type=\"widget\" data-settings=\"{&quot;step_next_label&quot;:&quot;Next&quot;,&quot;step_previous_label&quot;:&quot;Previous&quot;,&quot;button_width&quot;:&quot;100&quot;,&quot;step_type&quot;:&quot;number_text&quot;,&quot;step_icon_shape&quot;:&quot;circle&quot;}\" data-widget_type=\"form.default\">\n\t\t\t\t<div class=\"elementor-widget-container\">\n\t\t\t\t\t\t\t<form class=\"elementor-form\" method=\"post\" name=\"Contacto Turismo Axarqu\u00eda\" aria-label=\"Contacto Turismo Axarqu\u00eda\">\n\t\t\t<input type=\"hidden\" name=\"post_id\" value=\"676\"\/>\n\t\t\t<input type=\"hidden\" name=\"form_id\" value=\"67fdba0\"\/>\n\t\t\t<input type=\"hidden\" name=\"referer_title\" value=\"Contacto\" \/>\n\n\t\t\t\t\t\t\t<input type=\"hidden\" name=\"queried_id\" value=\"676\"\/>\n\t\t\t\n\t\t\t<div class=\"elementor-form-fields-wrapper elementor-labels-above\">\n\t\t\t\t\t\t\t\t<div class=\"elementor-field-type-text elementor-field-group elementor-column elementor-field-group-name elementor-col-100 elementor-field-required\">\n\t\t\t\t\t\t\t\t\t\t\t\t<label for=\"form-field-name\" class=\"elementor-field-label\">\n\t\t\t\t\t\t\t\tNombre\t\t\t\t\t\t\t<\/label>\n\t\t\t\t\t\t\t\t\t\t\t\t\t\t<input size=\"1\" type=\"text\" name=\"form_fields[name]\" id=\"form-field-name\" class=\"elementor-field elementor-size-sm  elementor-field-textual\" required=\"required\">\n\t\t\t\t\t\t\t\t\t\t\t<\/div>\n\t\t\t\t\t\t\t\t<div class=\"elementor-field-type-email elementor-field-group elementor-column elementor-field-group-email elementor-col-100 elementor-field-required\">\n\t\t\t\t\t\t\t\t\t\t\t\t<label for=\"form-field-email\" class=\"elementor-field-label\">\n\t\t\t\t\t\t\t\tEmail\t\t\t\t\t\t\t<\/label>\n\t\t\t\t\t\t\t\t\t\t\t\t\t\t<input size=\"1\" type=\"email\" name=\"form_fields[email]\" id=\"form-field-email\" class=\"elementor-field elementor-size-sm  elementor-field-textual\" required=\"required\">\n\t\t\t\t\t\t\t\t\t\t\t<\/div>\n\t\t\t\t\t\t\t\t<div class=\"elementor-field-type-textarea elementor-field-group elementor-column elementor-field-group-message elementor-col-100 elementor-field-required\">\n\t\t\t\t\t\t\t\t\t\t\t\t<label for=\"form-field-message\" class=\"elementor-field-label\">\n\t\t\t\t\t\t\t\tMensaje\t\t\t\t\t\t\t<\/label>\n\t\t\t\t\t\t<textarea class=\"elementor-field-textual elementor-field  elementor-size-sm\" name=\"form_fields[message]\" id=\"form-field-message\" rows=\"4\" required=\"required\"><\/textarea>\t\t\t\t<\/div>\n\t\t\t\t\t\t\t\t<div class=\"elementor-field-type-acceptance elementor-field-group elementor-column elementor-field-group-field_96fec3f elementor-col-100 elementor-field-required\">\n\t\t\t\t\t\t\t<div class=\"elementor-field-subgroup\">\n\t\t\t<span class=\"elementor-field-option\">\n\t\t\t\t<input type=\"checkbox\" name=\"form_fields[field_96fec3f]\" id=\"form-field-field_96fec3f\" class=\"elementor-field elementor-size-sm  elementor-acceptance-field\" required=\"required\">\n\t\t\t\t<label for=\"form-field-field_96fec3f\">He le\u00eddo y acepto la <a style=\"color:#11142D\" href=\"\/politica-de-privacidad-del-sitio-web\/\" target=\"_blank\">Pol\u00edtica de Privacidad<\/a><\/label>\t\t\t<\/span>\n\t\t<\/div>\n\t\t\t\t\t\t<\/div>\n\t\t\t\t\t\t\t\t<div class=\"elementor-field-type-recaptcha_v3 elementor-field-group elementor-column elementor-field-group-field_ebcb18a elementor-col-100 recaptcha_v3-bottomleft\">\n\t\t\t\t\t<div class=\"elementor-field\" id=\"form-field-field_ebcb18a\"><div class=\"elementor-g-recaptcha\" data-sitekey=\"6LddwxMrAAAAANPUl0hkmkAJjSb9GjyMvZKqqBzC\" data-type=\"v3\" data-action=\"Form\" data-badge=\"bottomleft\" data-size=\"invisible\"><\/div><\/div>\t\t\t\t<\/div>\n\t\t\t\t\t\t\t\t<div class=\"elementor-field-group elementor-column elementor-field-type-submit elementor-col-100 e-form__buttons\">\n\t\t\t\t\t<button class=\"elementor-button elementor-size-sm\" type=\"submit\">\n\t\t\t\t\t\t<span class=\"elementor-button-content-wrapper\">\n\t\t\t\t\t\t\t\t\t\t\t\t\t\t\t\t\t\t\t\t\t\t<span class=\"elementor-button-text\">Enviar<\/span>\n\t\t\t\t\t\t\t\t\t\t\t\t\t<\/span>\n\t\t\t\t\t<\/button>\n\t\t\t\t<\/div>\n\t\t\t<\/div>\n\t\t<\/form>\n\t\t\t\t\t\t<\/div>\n\t\t\t\t<\/div>\n\t\t\t\t<\/div>\n\t\t\t\t\t<\/div>\n\t\t\t\t<\/div>\n\t\t<div class=\"elementor-element elementor-element-06844c2 e-flex e-con-boxed e-con e-parent\" data-id=\"06844c2\" data-element_type=\"container\">\n\t\t\t\t\t<div class=\"e-con-inner\">\n\t\t\t\t<div class=\"elementor-element elementor-element-3c62547 mapa elementor-widget elementor-widget-jet-engine-maps-listing\" data-id=\"3c62547\" data-element_type=\"widget\" data-widget_type=\"jet-engine-maps-listing.default\">\n\t\t\t\t<div class=\"elementor-widget-container\">\n\t\t\t\t\t<div class=\"jet-map-listing jet-listing-grid--350 leaflet-provider\" data-init=\"{&quot;zoomControl&quot;:true,&quot;fullscreenControl&quot;:true,&quot;streetViewControl&quot;:true,&quot;mapTypeControl&quot;:true}\" data-markers=\"[{&quot;id&quot;:141,&quot;latLang&quot;:{&quot;lat&quot;:36.8391159,&quot;lng&quot;:-3.9906448},&quot;label&quot;:false,&quot;custom_marker&quot;:false,&quot;geo_query_distance&quot;:-1},{&quot;id&quot;:137,&quot;latLang&quot;:{&quot;lat&quot;:36.773263899999996,&quot;lng&quot;:-4.0398707},&quot;label&quot;:false,&quot;custom_marker&quot;:false,&quot;geo_query_distance&quot;:-1},{&quot;id&quot;:177,&quot;latLang&quot;:{&quot;lat&quot;:36.9054628,&quot;lng&quot;:-4.3368778},&quot;label&quot;:false,&quot;custom_marker&quot;:false,&quot;geo_query_distance&quot;:-1},{&quot;id&quot;:18,&quot;latLang&quot;:{&quot;lat&quot;:36.9943627,&quot;lng&quot;:-4.2603849},&quot;label&quot;:false,&quot;custom_marker&quot;:false,&quot;geo_query_distance&quot;:-1},{&quot;id&quot;:136,&quot;latLang&quot;:{&quot;lat&quot;:36.9790122,&quot;lng&quot;:-4.2723898},&quot;label&quot;:false,&quot;custom_marker&quot;:false,&quot;geo_query_distance&quot;:-1},{&quot;id&quot;:150,&quot;latLang&quot;:{&quot;lat&quot;:36.8731565,&quot;lng&quot;:-4.0821961},&quot;label&quot;:false,&quot;custom_marker&quot;:false,&quot;geo_query_distance&quot;:-1},{&quot;id&quot;:149,&quot;latLang&quot;:{&quot;lat&quot;:36.7913409,&quot;lng&quot;:-4.1616714},&quot;label&quot;:false,&quot;custom_marker&quot;:false,&quot;geo_query_distance&quot;:-1},{&quot;id&quot;:148,&quot;latLang&quot;:{&quot;lat&quot;:36.8353546,&quot;lng&quot;:-4.1935503},&quot;label&quot;:false,&quot;custom_marker&quot;:false,&quot;geo_query_distance&quot;:-1},{&quot;id&quot;:145,&quot;latLang&quot;:{&quot;lat&quot;:36.8160439,&quot;lng&quot;:-4.0442583},&quot;label&quot;:false,&quot;custom_marker&quot;:false,&quot;geo_query_distance&quot;:-1},{&quot;id&quot;:119,&quot;latLang&quot;:{&quot;lat&quot;:36.7819054,&quot;lng&quot;:-4.0987199},&quot;label&quot;:false,&quot;custom_marker&quot;:false,&quot;geo_query_distance&quot;:-1},{&quot;id&quot;:15,&quot;latLang&quot;:{&quot;lat&quot;:36.9025063,&quot;lng&quot;:-4.114015299999999},&quot;label&quot;:false,&quot;custom_marker&quot;:false,&quot;geo_query_distance&quot;:-1},{&quot;id&quot;:179,&quot;latLang&quot;:{&quot;lat&quot;:36.8461673,&quot;lng&quot;:-3.9877211999999997},&quot;label&quot;:false,&quot;custom_marker&quot;:false,&quot;geo_query_distance&quot;:-1},{&quot;id&quot;:175,&quot;latLang&quot;:{&quot;lat&quot;:36.8494648,&quot;lng&quot;:-4.248069800000001},&quot;label&quot;:false,&quot;custom_marker&quot;:false,&quot;geo_query_distance&quot;:-1},{&quot;id&quot;:173,&quot;latLang&quot;:{&quot;lat&quot;:36.832786,&quot;lng&quot;:-3.9746557},&quot;label&quot;:false,&quot;custom_marker&quot;:false,&quot;geo_query_distance&quot;:-1},{&quot;id&quot;:171,&quot;latLang&quot;:{&quot;lat&quot;:36.8310843,&quot;lng&quot;:-4.2287732},&quot;label&quot;:false,&quot;custom_marker&quot;:false,&quot;geo_query_distance&quot;:-1},{&quot;id&quot;:169,&quot;latLang&quot;:{&quot;lat&quot;:36.8146004,&quot;lng&quot;:-4.2348714},&quot;label&quot;:false,&quot;custom_marker&quot;:false,&quot;geo_query_distance&quot;:-1},{&quot;id&quot;:167,&quot;latLang&quot;:{&quot;lat&quot;:36.7909426,&quot;lng&quot;:-3.8954519},&quot;label&quot;:false,&quot;custom_marker&quot;:false,&quot;geo_query_distance&quot;:-1},{&quot;id&quot;:165,&quot;latLang&quot;:{&quot;lat&quot;:36.776249500000006,&quot;lng&quot;:-4.1848582},&quot;label&quot;:false,&quot;custom_marker&quot;:false,&quot;geo_query_distance&quot;:-1},{&quot;id&quot;:163,&quot;latLang&quot;:{&quot;lat&quot;:36.8620171,&quot;lng&quot;:-4.1412064},&quot;label&quot;:false,&quot;custom_marker&quot;:false,&quot;geo_query_distance&quot;:-1},{&quot;id&quot;:152,&quot;latLang&quot;:{&quot;lat&quot;:36.7624474,&quot;lng&quot;:-4.2139163},&quot;label&quot;:false,&quot;custom_marker&quot;:false,&quot;geo_query_distance&quot;:-1},{&quot;id&quot;:147,&quot;latLang&quot;:{&quot;lat&quot;:36.771582499999994,&quot;lng&quot;:-4.2554113000000005},&quot;label&quot;:false,&quot;custom_marker&quot;:false,&quot;geo_query_distance&quot;:-1},{&quot;id&quot;:144,&quot;latLang&quot;:{&quot;lat&quot;:36.7469265,&quot;lng&quot;:-3.8790464},&quot;label&quot;:false,&quot;custom_marker&quot;:false,&quot;geo_query_distance&quot;:-1},{&quot;id&quot;:139,&quot;latLang&quot;:{&quot;lat&quot;:36.928542300000004,&quot;lng&quot;:-4.1908614},&quot;label&quot;:false,&quot;custom_marker&quot;:false,&quot;geo_query_distance&quot;:-1},{&quot;id&quot;:135,&quot;latLang&quot;:{&quot;lat&quot;:36.7162709,&quot;lng&quot;:-4.279296700000001},&quot;label&quot;:false,&quot;custom_marker&quot;:false,&quot;geo_query_distance&quot;:-1},{&quot;id&quot;:133,&quot;latLang&quot;:{&quot;lat&quot;:36.9153523,&quot;lng&quot;:-4.2934065},&quot;label&quot;:false,&quot;custom_marker&quot;:false,&quot;geo_query_distance&quot;:-1},{&quot;id&quot;:131,&quot;latLang&quot;:{&quot;lat&quot;:36.8544553,&quot;lng&quot;:-4.0241492},&quot;label&quot;:false,&quot;custom_marker&quot;:false,&quot;geo_query_distance&quot;:-1},{&quot;id&quot;:129,&quot;latLang&quot;:{&quot;lat&quot;:36.7983501,&quot;lng&quot;:-4.012900999999999},&quot;label&quot;:false,&quot;custom_marker&quot;:false,&quot;geo_query_distance&quot;:-1},{&quot;id&quot;:127,&quot;latLang&quot;:{&quot;lat&quot;:36.8616823,&quot;lng&quot;:-4.0336454},&quot;label&quot;:false,&quot;custom_marker&quot;:false,&quot;geo_query_distance&quot;:-1},{&quot;id&quot;:125,&quot;latLang&quot;:{&quot;lat&quot;:36.7494428,&quot;lng&quot;:-3.9548577000000003},&quot;label&quot;:false,&quot;custom_marker&quot;:false,&quot;geo_query_distance&quot;:-1},{&quot;id&quot;:122,&quot;latLang&quot;:{&quot;lat&quot;:36.765163099999995,&quot;lng&quot;:-4.297435},&quot;label&quot;:false,&quot;custom_marker&quot;:false,&quot;geo_query_distance&quot;:-1},{&quot;id&quot;:140,&quot;latLang&quot;:{&quot;lat&quot;:36.808885,&quot;lng&quot;:-4.2162284},&quot;label&quot;:false,&quot;custom_marker&quot;:false,&quot;geo_query_distance&quot;:-1}]\" data-general=\"{&quot;api&quot;:&quot;https:\\\/\\\/turismoaxarquiacostadelsol.com\\\/de\\\/wp-json\\\/jet-engine\\\/v2\\\/get-map-marker-info\\\/&quot;,&quot;restNonce&quot;:&quot;a75b58a8cf&quot;,&quot;listingID&quot;:350,&quot;source&quot;:&quot;posts&quot;,&quot;width&quot;:320,&quot;offset&quot;:40,&quot;clustererImg&quot;:&quot;https:\\\/\\\/turismoaxarquiacostadelsol.com\\\/wp-content\\\/plugins\\\/jet-engine\\\/includes\\\/modules\\\/maps-listings\\\/assets\\\/lib\\\/markerclustererplus\\\/img\\\/m&quot;,&quot;marker&quot;:{&quot;type&quot;:&quot;icon&quot;,&quot;html&quot;:&quot;&lt;div class=\\&quot;jet-map-marker jet-map-marker-default apply-fill is-svg-icon\\&quot;&gt;&lt;svg class=\\&quot;e-font-icon-svg e-fas-map-marker-alt\\&quot; aria-hidden=\\&quot;true\\&quot; viewBox=\\&quot;0 0 384 512\\&quot; xmlns=\\&quot;http:\\\/\\\/www.w3.org\\\/2000\\\/svg\\&quot;&gt;&lt;path d=\\&quot;M172.268 501.67C26.97 291.031 0 269.413 0 192 0 85.961 85.961 0 192 0s192 85.961 192 192c0 77.413-26.97 99.031-172.268 309.67-9.535 13.774-29.93 13.773-39.464 0zM192 272c44.183 0 80-35.817 80-80s-35.817-80-80-80-80 35.817-80 80 35.817 80 80 80z\\&quot;&gt;&lt;\\\/path&gt;&lt;\\\/svg&gt;&lt;\\\/div&gt;&quot;},&quot;autoCenter&quot;:true,&quot;maxZoom&quot;:false,&quot;minZoom&quot;:false,&quot;customCenter&quot;:false,&quot;customZoom&quot;:11,&quot;popupPreloader&quot;:false,&quot;querySeparator&quot;:&quot;?&quot;,&quot;markerClustering&quot;:false,&quot;customClusterImg&quot;:[],&quot;clusterMaxZoom&quot;:&quot;&quot;,&quot;clusterRadius&quot;:&quot;&quot;,&quot;popupOpenOn&quot;:&quot;click&quot;,&quot;centeringOnOpen&quot;:true,&quot;zoomOnOpen&quot;:false,&quot;advanced&quot;:{&quot;zoom_control&quot;:&quot;auto&quot;,&quot;scrollwheel&quot;:false},&quot;user_location_enabled&quot;:false,&quot;user_location_marker&quot;:false,&quot;user_location_label&quot;:&quot;&quot;}\" data-listing-source=\"posts\" data-queried-id=\"676|WP_Post\"><\/div>\t\t\t\t<\/div>\n\t\t\t\t<\/div>\n\t\t\t\t\t<\/div>\n\t\t\t\t<\/div>\n\t\t\t\t<\/div>\n\t\t","protected":false},"excerpt":{"rendered":"<p>Inicio \u00bfTienes alguna duda? Cont\u00e1ctanos Mancomunidad Axarqu\u00eda-Costa del Sol es la instituci\u00f3n responsable de la gesti\u00f3n y promoci\u00f3n tur\u00edstica de la comarca. +34 952 542 808 turismoaxarquia@mancomunidadaxarquia.com Redes Sociales Facebook Instagram<\/p>","protected":false},"author":1,"featured_media":0,"parent":0,"menu_order":0,"comment_status":"closed","ping_status":"closed","template":"","meta":{"footnotes":""},"class_list":["post-676","page","type-page","status-publish","hentry"],"_links":{"self":[{"href":"https:\/\/turismoaxarquiacostadelsol.com\/de\/wp-json\/wp\/v2\/pages\/676","targetHints":{"allow":["GET"]}}],"collection":[{"href":"https:\/\/turismoaxarquiacostadelsol.com\/de\/wp-json\/wp\/v2\/pages"}],"about":[{"href":"https:\/\/turismoaxarquiacostadelsol.com\/de\/wp-json\/wp\/v2\/types\/page"}],"author":[{"embeddable":true,"href":"https:\/\/turismoaxarquiacostadelsol.com\/de\/wp-json\/wp\/v2\/users\/1"}],"replies":[{"embeddable":true,"href":"https:\/\/turismoaxarquiacostadelsol.com\/de\/wp-json\/wp\/v2\/comments?post=676"}],"version-history":[{"count":55,"href":"https:\/\/turismoaxarquiacostadelsol.com\/de\/wp-json\/wp\/v2\/pages\/676\/revisions"}],"predecessor-version":[{"id":3684,"href":"https:\/\/turismoaxarquiacostadelsol.com\/de\/wp-json\/wp\/v2\/pages\/676\/revisions\/3684"}],"wp:attachment":[{"href":"https:\/\/turismoaxarquiacostadelsol.com\/de\/wp-json\/wp\/v2\/media?parent=676"}],"curies":[{"name":"wp","href":"https:\/\/api.w.org\/{rel}","templated":true}]}}