{"id":1508,"date":"2025-03-05T10:47:57","date_gmt":"2025-03-05T10:47:57","guid":{"rendered":"https:\/\/turismoaxarquiacostadelsol.com\/?page_id=1508"},"modified":"2025-06-18T12:45:14","modified_gmt":"2025-06-18T10:45:14","slug":"application-gecor","status":"publish","type":"page","link":"https:\/\/turismoaxarquiacostadelsol.com\/fr\/app-gecor\/","title":{"rendered":"App Gecor"},"content":{"rendered":"<div data-elementor-type=\"wp-page\" data-elementor-id=\"1508\" class=\"elementor elementor-1508\" data-elementor-post-type=\"page\">\n\t\t\t\t<div class=\"elementor-element elementor-element-766881d e-flex e-con-boxed e-con e-parent\" data-id=\"766881d\" data-element_type=\"container\" data-settings=\"{&quot;background_background&quot;:&quot;classic&quot;}\">\n\t\t\t\t\t<div class=\"e-con-inner\">\n\t\t\t\t<div class=\"elementor-element elementor-element-e561388 elementor-icon-list--layout-inline elementor-list-item-link-full_width elementor-widget elementor-widget-icon-list\" data-id=\"e561388\" data-element_type=\"widget\" data-widget_type=\"icon-list.default\">\n\t\t\t\t<div class=\"elementor-widget-container\">\n\t\t\t\t\t\t\t<ul class=\"elementor-icon-list-items elementor-inline-items\">\n\t\t\t\t\t\t\t<li class=\"elementor-icon-list-item elementor-inline-item\">\n\t\t\t\t\t\t\t\t\t\t\t<a href=\"https:\/\/turismoaxarquiacostadelsol.com\/fr\/\">\n\n\t\t\t\t\t\t\t\t\t\t\t<span class=\"elementor-icon-list-text\">Accueil<\/span>\n\t\t\t\t\t\t\t\t\t\t\t<\/a>\n\t\t\t\t\t\t\t\t\t<\/li>\n\t\t\t\t\t\t\t\t<li class=\"elementor-icon-list-item elementor-inline-item\">\n\t\t\t\t\t\t\t\t\t\t\t<span class=\"elementor-icon-list-icon\">\n\t\t\t\t\t\t\t<svg aria-hidden=\"true\" class=\"e-font-icon-svg e-fas-chevron-right\" viewbox=\"0 0 320 512\" xmlns=\"http:\/\/www.w3.org\/2000\/svg\"><path d=\"M285.476 272.971L91.132 467.314c-9.373 9.373-24.569 9.373-33.941 0l-22.667-22.667c-9.357-9.357-9.375-24.522-.04-33.901L188.505 256 34.484 101.255c-9.335-9.379-9.317-24.544.04-33.901l22.667-22.667c9.373-9.373 24.569-9.373 33.941 0L285.475 239.03c9.373 9.372 9.373 24.568.001 33.941z\"><\/path><\/svg>\t\t\t\t\t\t<\/span>\n\t\t\t\t\t\t\t\t\t\t<span class=\"elementor-icon-list-text\"><\/span>\n\t\t\t\t\t\t\t\t\t<\/li>\n\t\t\t\t\t\t<\/ul>\n\t\t\t\t\t\t<\/div>\n\t\t\t\t<\/div>\n\t\t\t\t<div class=\"elementor-element elementor-element-4f751bb elementor-widget elementor-widget-heading\" data-id=\"4f751bb\" data-element_type=\"widget\" data-widget_type=\"heading.default\">\n\t\t\t\t<div class=\"elementor-widget-container\">\n\t\t\t\t\t<h1 class=\"elementor-heading-title elementor-size-default\">D\u00e9couvrez l'Axarquia depuis votre t\u00e9l\u00e9phone portable<\/h1>\t\t\t\t<\/div>\n\t\t\t\t<\/div>\n\t\t\t\t<div class=\"elementor-element elementor-element-f81424a elementor-widget__width-initial elementor-widget-tablet__width-inherit elementor-widget elementor-widget-text-editor\" data-id=\"f81424a\" data-element_type=\"widget\" data-widget_type=\"text-editor.default\">\n\t\t\t\t<div class=\"elementor-widget-container\">\n\t\t\t\t\t\t\t\t\t<p>La nouvelle application touristique officielle d'Axarquia-Costa del Sol vous offre toutes les informations dont vous avez besoin pour profiter de la destination : villages de charme, routes, plages, \u00e9v\u00e9nements, gastronomie, traditions patrimoniales et bien plus encore.<\/p>\t\t\t\t\t\t\t\t<\/div>\n\t\t\t\t<\/div>\n\t\t\t\t\t<\/div>\n\t\t\t\t<\/div>\n\t\t<div class=\"elementor-element elementor-element-3dd6ec6 e-flex e-con-boxed e-con e-parent\" data-id=\"3dd6ec6\" data-element_type=\"container\">\n\t\t\t\t\t<div class=\"e-con-inner\">\n\t\t<div class=\"elementor-element elementor-element-a66a52d e-con-full e-flex e-con e-child\" data-id=\"a66a52d\" data-element_type=\"container\">\n\t\t\t\t<div class=\"elementor-element elementor-element-47e1b9b elementor-widget elementor-widget-heading\" data-id=\"47e1b9b\" data-element_type=\"widget\" data-widget_type=\"heading.default\">\n\t\t\t\t<div class=\"elementor-widget-container\">\n\t\t\t\t\t<h4 class=\"elementor-heading-title elementor-size-default\">Une nouvelle fa\u00e7on de d\u00e9couvrir l'Axarqu\u00eda<\/h4>\t\t\t\t<\/div>\n\t\t\t\t<\/div>\n\t\t\t\t<div class=\"elementor-element elementor-element-b18ebca elementor-widget elementor-widget-text-editor\" data-id=\"b18ebca\" data-element_type=\"widget\" data-widget_type=\"text-editor.default\">\n\t\t\t\t<div class=\"elementor-widget-container\">\n\t\t\t\t\t\t\t\t\t<p>L'association des municipalit\u00e9s d'Axarquia-Costa del Sol pr\u00e9sente sa nouvelle application touristique, d\u00e9velopp\u00e9e sur la plateforme Gecor, dans le cadre de son engagement en faveur d'un tourisme plus moderne, durable et accessible.<br data-start=\"842\" data-end=\"845\" \/>Disponible gratuitement, cet outil offre des informations actualis\u00e9es sur les 31 communes de la r\u00e9gion : leurs espaces naturels, leur patrimoine culturel, leurs traditions, leur gastronomie et bien plus encore. Une fa\u00e7on simple et rapide d'explorer \"Le secret du bien-vivre\" depuis le creux de votre main.<\/p>\t\t\t\t\t\t\t\t<\/div>\n\t\t\t\t<\/div>\n\t\t\t\t<\/div>\n\t\t<div class=\"elementor-element elementor-element-a408c4a e-con-full e-flex e-con e-child\" data-id=\"a408c4a\" data-element_type=\"container\" data-settings=\"{&quot;background_background&quot;:&quot;classic&quot;}\">\n\t\t\t\t<div class=\"elementor-element elementor-element-2ace751 elementor-widget elementor-widget-image\" data-id=\"2ace751\" data-element_type=\"widget\" data-widget_type=\"image.default\">\n\t\t\t\t<div class=\"elementor-widget-container\">\n\t\t\t\t\t\t\t\t\t\t\t\t\t\t\t<img fetchpriority=\"high\" decoding=\"async\" width=\"400\" height=\"500\" src=\"https:\/\/turismoaxarquiacostadelsol.com\/wp-content\/uploads\/2025\/03\/iphone-mockup-mockup-minimalistic-desk-flatlay-001.jpg\" class=\"attachment-large size-large wp-image-3142\" alt=\"\" srcset=\"https:\/\/turismoaxarquiacostadelsol.com\/wp-content\/uploads\/2025\/03\/iphone-mockup-mockup-minimalistic-desk-flatlay-001.jpg 400w, https:\/\/turismoaxarquiacostadelsol.com\/wp-content\/uploads\/2025\/03\/iphone-mockup-mockup-minimalistic-desk-flatlay-001-240x300.jpg 240w\" sizes=\"(max-width: 400px) 100vw, 400px\" \/>\t\t\t\t\t\t\t\t\t\t\t\t\t\t\t<\/div>\n\t\t\t\t<\/div>\n\t\t\t\t<\/div>\n\t\t\t\t\t<\/div>\n\t\t\t\t<\/div>\n\t\t<div class=\"elementor-element elementor-element-34aa217 e-flex e-con-boxed e-con e-parent\" data-id=\"34aa217\" data-element_type=\"container\">\n\t\t\t\t\t<div class=\"e-con-inner\">\n\t\t<div class=\"elementor-element elementor-element-1bc3e31 e-con-full e-flex e-con e-child\" data-id=\"1bc3e31\" data-element_type=\"container\" data-settings=\"{&quot;background_background&quot;:&quot;classic&quot;}\">\n\t\t\t\t<\/div>\n\t\t<div class=\"elementor-element elementor-element-46415cb e-con-full e-flex e-con e-child\" data-id=\"46415cb\" data-element_type=\"container\">\n\t\t\t\t<div class=\"elementor-element elementor-element-df93d75 elementor-widget elementor-widget-heading\" data-id=\"df93d75\" data-element_type=\"widget\" data-widget_type=\"heading.default\">\n\t\t\t\t<div class=\"elementor-widget-container\">\n\t\t\t\t\t<h4 class=\"elementor-heading-title elementor-size-default\">Toutes les informations dont vous avez besoin, instantan\u00e9ment<\/h4>\t\t\t\t<\/div>\n\t\t\t\t<\/div>\n\t\t\t\t<div class=\"elementor-element elementor-element-4e415da elementor-widget elementor-widget-text-editor\" data-id=\"4e415da\" data-element_type=\"widget\" data-widget_type=\"text-editor.default\">\n\t\t\t\t<div class=\"elementor-widget-container\">\n\t\t\t\t\t\t\t\t\t<p>L'application touristique Axarquia Costa del Sol est la premi\u00e8re application officielle de la r\u00e9gion et a \u00e9t\u00e9 cr\u00e9\u00e9e avec le soutien des 31 mairies qui la composent.<br data-start=\"1427\" data-end=\"1430\" \/>Vous y trouverez des contenus organis\u00e9s en onglets th\u00e9matiques tels que les itin\u00e9raires, le bureau du cin\u00e9ma de l'Axarquia, la gastronomie, l'\u00e9cotourisme, le golf, SICTED, les f\u00eates populaires et les brochures interactives.<br data-start=\"1610\" data-end=\"1613\" \/>Il comprend \u00e9galement des codes QR pour un acc\u00e8s facile et sera continuellement mis \u00e0 jour avec des nouvelles de chaque municipalit\u00e9, tant \u00e0 l'int\u00e9rieur des terres que sur la c\u00f4te.<\/p>\t\t\t\t\t\t\t\t<\/div>\n\t\t\t\t<\/div>\n\t\t\t\t<\/div>\n\t\t\t\t\t<\/div>\n\t\t\t\t<\/div>\n\t\t<div class=\"elementor-element elementor-element-8f48873 e-flex e-con-boxed e-con e-parent\" data-id=\"8f48873\" data-element_type=\"container\">\n\t\t\t\t\t<div class=\"e-con-inner\">\n\t\t<div class=\"elementor-element elementor-element-887a9d2 e-con-full e-flex e-con e-child\" data-id=\"887a9d2\" data-element_type=\"container\">\n\t\t\t\t<div class=\"elementor-element elementor-element-6902e84 e-transform elementor-widget elementor-widget-image\" data-id=\"6902e84\" data-element_type=\"widget\" data-settings=\"{&quot;_transform_scale_effect_hover&quot;:{&quot;unit&quot;:&quot;px&quot;,&quot;size&quot;:0.95,&quot;sizes&quot;:[]},&quot;_transform_scale_effect_hover_tablet&quot;:{&quot;unit&quot;:&quot;px&quot;,&quot;size&quot;:&quot;&quot;,&quot;sizes&quot;:[]},&quot;_transform_scale_effect_hover_mobile&quot;:{&quot;unit&quot;:&quot;px&quot;,&quot;size&quot;:&quot;&quot;,&quot;sizes&quot;:[]}}\" data-widget_type=\"image.default\">\n\t\t\t\t<div class=\"elementor-widget-container\">\n\t\t\t\t\t\t\t\t\t\t\t\t\t\t\t\t<a href=\"https:\/\/apps.apple.com\/es\/app\/turismo-axarqu%C3%ADa-costa-del-sol\/id6475819687\" target=\"_blank\">\n\t\t\t\t\t\t\t<img decoding=\"async\" width=\"400\" height=\"118\" src=\"https:\/\/turismoaxarquiacostadelsol.com\/wp-content\/uploads\/2025\/03\/boton-descarga-apple-store.png\" class=\"attachment-large size-large wp-image-3099\" alt=\"\" srcset=\"https:\/\/turismoaxarquiacostadelsol.com\/wp-content\/uploads\/2025\/03\/boton-descarga-apple-store.png 400w, https:\/\/turismoaxarquiacostadelsol.com\/wp-content\/uploads\/2025\/03\/boton-descarga-apple-store-300x89.png 300w\" sizes=\"(max-width: 400px) 100vw, 400px\" \/>\t\t\t\t\t\t\t\t<\/a>\n\t\t\t\t\t\t\t\t\t\t\t\t\t\t\t<\/div>\n\t\t\t\t<\/div>\n\t\t\t\t<div class=\"elementor-element elementor-element-69eed4d e-transform elementor-widget elementor-widget-image\" data-id=\"69eed4d\" data-element_type=\"widget\" data-settings=\"{&quot;_transform_scale_effect_hover&quot;:{&quot;unit&quot;:&quot;px&quot;,&quot;size&quot;:0.95,&quot;sizes&quot;:[]},&quot;_transform_scale_effect_hover_tablet&quot;:{&quot;unit&quot;:&quot;px&quot;,&quot;size&quot;:&quot;&quot;,&quot;sizes&quot;:[]},&quot;_transform_scale_effect_hover_mobile&quot;:{&quot;unit&quot;:&quot;px&quot;,&quot;size&quot;:&quot;&quot;,&quot;sizes&quot;:[]}}\" data-widget_type=\"image.default\">\n\t\t\t\t<div class=\"elementor-widget-container\">\n\t\t\t\t\t\t\t\t\t\t\t\t\t\t\t\t<a href=\"https:\/\/play.google.com\/store\/apps\/details?id=axarquiacostaldelsol.gecorsystem.gecorn&#038;hl=es_419\" target=\"_blank\">\n\t\t\t\t\t\t\t<img decoding=\"async\" width=\"540\" height=\"157\" src=\"https:\/\/turismoaxarquiacostadelsol.com\/wp-content\/uploads\/2025\/03\/boton-descarga-play-store-e1742556200617.png\" class=\"attachment-large size-large wp-image-3100\" alt=\"\" srcset=\"https:\/\/turismoaxarquiacostadelsol.com\/wp-content\/uploads\/2025\/03\/boton-descarga-play-store-e1742556200617.png 540w, https:\/\/turismoaxarquiacostadelsol.com\/wp-content\/uploads\/2025\/03\/boton-descarga-play-store-e1742556200617-300x87.png 300w\" sizes=\"(max-width: 540px) 100vw, 540px\" \/>\t\t\t\t\t\t\t\t<\/a>\n\t\t\t\t\t\t\t\t\t\t\t\t\t\t\t<\/div>\n\t\t\t\t<\/div>\n\t\t\t\t<\/div>\n\t\t\t\t<div class=\"elementor-element elementor-element-7879b04 elementor-arrows-position-outside elementor-pagination-position-outside elementor-widget elementor-widget-image-carousel\" data-id=\"7879b04\" data-element_type=\"widget\" data-settings=\"{&quot;slides_to_show&quot;:&quot;5&quot;,&quot;slides_to_scroll&quot;:&quot;1&quot;,&quot;image_spacing_custom&quot;:{&quot;unit&quot;:&quot;px&quot;,&quot;size&quot;:60,&quot;sizes&quot;:[]},&quot;slides_to_show_tablet&quot;:&quot;3&quot;,&quot;navigation&quot;:&quot;both&quot;,&quot;autoplay&quot;:&quot;yes&quot;,&quot;pause_on_hover&quot;:&quot;yes&quot;,&quot;pause_on_interaction&quot;:&quot;yes&quot;,&quot;autoplay_speed&quot;:5000,&quot;infinite&quot;:&quot;yes&quot;,&quot;speed&quot;:500,&quot;image_spacing_custom_tablet&quot;:{&quot;unit&quot;:&quot;px&quot;,&quot;size&quot;:&quot;&quot;,&quot;sizes&quot;:[]},&quot;image_spacing_custom_mobile&quot;:{&quot;unit&quot;:&quot;px&quot;,&quot;size&quot;:&quot;&quot;,&quot;sizes&quot;:[]}}\" data-widget_type=\"image-carousel.default\">\n\t\t\t\t<div class=\"elementor-widget-container\">\n\t\t\t\t\t\t\t<div class=\"elementor-image-carousel-wrapper swiper\" role=\"region\" aria-roledescription=\"carousel\" aria-label=\"Carrousel d&#039;images\" dir=\"ltr\">\n\t\t\t<div class=\"elementor-image-carousel swiper-wrapper\" aria-live=\"off\">\n\t\t\t\t\t\t\t\t<div class=\"swiper-slide\" role=\"group\" aria-roledescription=\"slide\" aria-label=\"1 sur 6\" data-no-translation-aria-label=\"\"><figure class=\"swiper-slide-inner\"><img decoding=\"async\" class=\"swiper-slide-image\" src=\"https:\/\/turismoaxarquiacostadelsol.com\/wp-content\/uploads\/2025\/03\/unnamed-_7_-min.png\" alt=\"sans nom-_7_-min\" \/><\/figure><\/div><div class=\"swiper-slide\" role=\"group\" aria-roledescription=\"slide\" aria-label=\"2 sur 6\" data-no-translation-aria-label=\"\"><figure class=\"swiper-slide-inner\"><img decoding=\"async\" class=\"swiper-slide-image\" src=\"https:\/\/turismoaxarquiacostadelsol.com\/wp-content\/uploads\/2025\/03\/unnamed-_10_-min.png\" alt=\"sans nom-_10_-min\" \/><\/figure><\/div><div class=\"swiper-slide\" role=\"group\" aria-roledescription=\"slide\" aria-label=\"3 sur 6\" data-no-translation-aria-label=\"\"><figure class=\"swiper-slide-inner\"><img decoding=\"async\" class=\"swiper-slide-image\" src=\"https:\/\/turismoaxarquiacostadelsol.com\/wp-content\/uploads\/2025\/03\/unnamed-_9_-min.png\" alt=\"sans nom-_9_-min\" \/><\/figure><\/div><div class=\"swiper-slide\" role=\"group\" aria-roledescription=\"slide\" aria-label=\"4 sur 6\" data-no-translation-aria-label=\"\"><figure class=\"swiper-slide-inner\"><img decoding=\"async\" class=\"swiper-slide-image\" src=\"https:\/\/turismoaxarquiacostadelsol.com\/wp-content\/uploads\/2025\/03\/unnamed-_8_.png\" alt=\"sans nom-_8_\" \/><\/figure><\/div><div class=\"swiper-slide\" role=\"group\" aria-roledescription=\"slide\" aria-label=\"5 sur 6\" data-no-translation-aria-label=\"\"><figure class=\"swiper-slide-inner\"><img decoding=\"async\" class=\"swiper-slide-image\" src=\"https:\/\/turismoaxarquiacostadelsol.com\/wp-content\/uploads\/2025\/03\/unnamed-_5_.png\" alt=\"sans nom-_5_\" \/><\/figure><\/div><div class=\"swiper-slide\" role=\"group\" aria-roledescription=\"slide\" aria-label=\"6 sur 6\" data-no-translation-aria-label=\"\"><figure class=\"swiper-slide-inner\"><img decoding=\"async\" class=\"swiper-slide-image\" src=\"https:\/\/turismoaxarquiacostadelsol.com\/wp-content\/uploads\/2025\/03\/unnamed-_6_-min.png\" alt=\"sans nom-_6_-min\" \/><\/figure><\/div>\t\t\t<\/div>\n\t\t\t\t\t\t\t\t\t\t\t\t<div class=\"elementor-swiper-button elementor-swiper-button-prev\" role=\"button\" tabindex=\"0\">\n\t\t\t\t\t\t<svg aria-hidden=\"true\" class=\"e-font-icon-svg e-eicon-chevron-left\" viewbox=\"0 0 1000 1000\" xmlns=\"http:\/\/www.w3.org\/2000\/svg\"><path d=\"M646 125C629 125 613 133 604 142L308 442C296 454 292 471 292 487 292 504 296 521 308 533L604 854C617 867 629 875 646 875 663 875 679 871 692 858 704 846 713 829 713 812 713 796 708 779 692 767L438 487 692 225C700 217 708 204 708 187 708 171 704 154 692 142 675 129 663 125 646 125Z\"><\/path><\/svg>\t\t\t\t\t<\/div>\n\t\t\t\t\t<div class=\"elementor-swiper-button elementor-swiper-button-next\" role=\"button\" tabindex=\"0\">\n\t\t\t\t\t\t<svg aria-hidden=\"true\" class=\"e-font-icon-svg e-eicon-chevron-right\" viewbox=\"0 0 1000 1000\" xmlns=\"http:\/\/www.w3.org\/2000\/svg\"><path d=\"M696 533C708 521 713 504 713 487 713 471 708 454 696 446L400 146C388 133 375 125 354 125 338 125 325 129 313 142 300 154 292 171 292 187 292 204 296 221 308 233L563 492 304 771C292 783 288 800 288 817 288 833 296 850 308 863 321 871 338 875 354 875 371 875 388 867 400 854L696 533Z\"><\/path><\/svg>\t\t\t\t\t<\/div>\n\t\t\t\t\n\t\t\t\t\t\t\t\t\t<div class=\"swiper-pagination\"><\/div>\n\t\t\t\t\t\t\t\t\t<\/div>\n\t\t\t\t\t\t<\/div>\n\t\t\t\t<\/div>\n\t\t\t\t\t<\/div>\n\t\t\t\t<\/div>\n\t\t\t\t<\/div>","protected":false},"excerpt":{"rendered":"<p>Inicio Descubre la Axarqu\u00eda desde tu m\u00f3vil La nueva app tur\u00edstica oficial de la Axarqu\u00eda-Costa del Sol te ofrece toda la informaci\u00f3n que necesitas para disfrutar del destino: pueblos con encanto, rutas, playas, eventos, gastronom\u00eda, tradiciones patrimonio y mucho m\u00e1s. Una nueva forma de explorar la Axarqu\u00eda La Mancomunidad de Municipios de la Axarqu\u00eda-Costa del [&hellip;]<\/p>\n","protected":false},"author":1,"featured_media":0,"parent":0,"menu_order":0,"comment_status":"closed","ping_status":"closed","template":"","meta":{"footnotes":""},"class_list":["post-1508","page","type-page","status-publish","hentry"],"_links":{"self":[{"href":"https:\/\/turismoaxarquiacostadelsol.com\/fr\/wp-json\/wp\/v2\/pages\/1508","targetHints":{"allow":["GET"]}}],"collection":[{"href":"https:\/\/turismoaxarquiacostadelsol.com\/fr\/wp-json\/wp\/v2\/pages"}],"about":[{"href":"https:\/\/turismoaxarquiacostadelsol.com\/fr\/wp-json\/wp\/v2\/types\/page"}],"author":[{"embeddable":true,"href":"https:\/\/turismoaxarquiacostadelsol.com\/fr\/wp-json\/wp\/v2\/users\/1"}],"replies":[{"embeddable":true,"href":"https:\/\/turismoaxarquiacostadelsol.com\/fr\/wp-json\/wp\/v2\/comments?post=1508"}],"version-history":[{"count":70,"href":"https:\/\/turismoaxarquiacostadelsol.com\/fr\/wp-json\/wp\/v2\/pages\/1508\/revisions"}],"predecessor-version":[{"id":4483,"href":"https:\/\/turismoaxarquiacostadelsol.com\/fr\/wp-json\/wp\/v2\/pages\/1508\/revisions\/4483"}],"wp:attachment":[{"href":"https:\/\/turismoaxarquiacostadelsol.com\/fr\/wp-json\/wp\/v2\/media?parent=1508"}],"curies":[{"name":"wp","href":"https:\/\/api.w.org\/{rel}","templated":true}]}}