{"id":3676,"date":"2025-04-30T14:58:29","date_gmt":"2025-04-30T12:58:29","guid":{"rendered":"https:\/\/turismoaxarquiacostadelsol.com\/?page_id=3676"},"modified":"2025-07-01T11:16:12","modified_gmt":"2025-07-01T09:16:12","slug":"avis-juridique-et-conditions-generales-dutilisation","status":"publish","type":"page","link":"https:\/\/turismoaxarquiacostadelsol.com\/fr\/aviso-legal-y-condiciones-generales-de-uso\/","title":{"rendered":"AVIS JURIDIQUE ET CONDITIONS G\u00c9N\u00c9RALES D'UTILISATION"},"content":{"rendered":"<p>I. INFORMATIONS G\u00c9N\u00c9RALES<\/p>\n<p>Conform\u00e9ment \u00e0 l'obligation d'information pr\u00e9vue par la loi 34\/2002 sur les services de la soci\u00e9t\u00e9 de l'information et le commerce \u00e9lectronique (LSSI-CE) du 11 juillet, les informations g\u00e9n\u00e9rales suivantes sont fournies sur ce site web :<br \/>\nLa propri\u00e9t\u00e9 de ce site web, https:\/\/turismoaxarquiacostadelsol.com\/ (ci-apr\u00e8s d\u00e9nomm\u00e9 site web) est d\u00e9tenue par : Mancomunidad de Municipios de la Costa del Sol Axarquia, avec NIF : P2909401H et enregistr\u00e9 \u00e0 : Avda Andalucia 110, avec les coordonn\u00e9es suivantes : Mancomunidad de Municipios de la Costa del Sol Axarquia, dont le repr\u00e9sentant est : Mancomunidad de Municipios de la Costa del Sol Axarquia, et dont les coordonn\u00e9es sont : Mancomunidad de Municipios de la Costa del Sol Axarquia, et dont les coordonn\u00e9es sont : Mancomunidad de Municipios de la Costa del Sol Axarquia :<br \/>\nAdresse : Avda Andalucia 110<br \/>\nT\u00e9l\u00e9phone de contact : 952542808<br \/>\nCourriel de contact : turismoaxarquia@mancomunidadaxarquia.com<\/p>\n<p>II. CONDITIONS G\u00c9N\u00c9RALES D'UTILISATION<\/p>\n<p>L'objet des conditions : Le site web Les pr\u00e9sentes conditions g\u00e9n\u00e9rales d'utilisation (ci-apr\u00e8s d\u00e9nomm\u00e9es \"conditions\") ont pour objet de r\u00e9glementer l'acc\u00e8s au site web et son utilisation. Aux fins des pr\u00e9sentes<br \/>\nPar conditions, on entend le site web : l'aspect ext\u00e9rieur des interfaces d'\u00e9cran, tant statiques que dynamiques, c'est-\u00e0-dire l'arbre de navigation ; et tous les \u00e9l\u00e9ments int\u00e9gr\u00e9s tant dans les interfaces d'\u00e9cran que dans l'arbre de navigation (ci-apr\u00e8s d\u00e9nomm\u00e9s \"contenu\") et tous les services ou ressources en ligne qu'il peut offrir aux utilisateurs (ci-apr\u00e8s d\u00e9nomm\u00e9s \"services\").<\/p>\n<p>Mancomunidad Municipios Costa del Sol Axarquia se r\u00e9serve le droit de modifier, \u00e0 tout moment et sans pr\u00e9avis, la pr\u00e9sentation et la configuration du site web ainsi que les contenus et services qui peuvent y \u00eatre incorpor\u00e9s. L'Utilisateur reconna\u00eet et accepte que Mancomunidad Municipios Costa del Sol Axarquia puisse \u00e0 tout moment interrompre, d\u00e9sactiver et\/ou annuler n'importe lequel de ces \u00e9l\u00e9ments faisant partie du site web ou l'acc\u00e8s \u00e0 ceux-ci.<br \/>\nL'acc\u00e8s au site web par l'utilisateur est libre et, en r\u00e8gle g\u00e9n\u00e9rale, gratuit, sans que l'utilisateur n'ait \u00e0 fournir de contrepartie pour en jouir, \u00e0 l'exception du co\u00fbt de la connexion \u00e0 travers le r\u00e9seau de t\u00e9l\u00e9communications fourni par le fournisseur d'acc\u00e8s contract\u00e9 par l'utilisateur. L'utilisation de l'un des contenus ou services du site web peut \u00eatre subordonn\u00e9e \u00e0 la souscription pr\u00e9alable d'un abonnement ou d'une inscription par l'utilisateur.<\/p>\n<p>L'utilisateur<\/p>\n<p>L'acc\u00e8s, la navigation et l'utilisation du site Web conf\u00e8rent la condition d'utilisateur et, par cons\u00e9quent, d\u00e8s le d\u00e9but de la navigation sur le site Web, l'utilisateur accepte toutes les conditions \u00e9tablies ici, ainsi que toutes les modifications ult\u00e9rieures, sans pr\u00e9judice de l'application des normes l\u00e9gales correspondantes qui doivent \u00eatre respect\u00e9es dans chaque cas. Compte tenu de l'importance de ce qui pr\u00e9c\u00e8de, il est recommand\u00e9 \u00e0 l'utilisateur de les lire chaque fois qu'il<br \/>\nvisiter le site web.<\/p>\n<p>Le site web de la Mancomunidad Municipios Costa del Sol Axarquia fournit un large \u00e9ventail d'informations, de services et de donn\u00e9es. L'utilisateur assume la responsabilit\u00e9 de l'utilisation correcte du site Web. Cette responsabilit\u00e9 s'\u00e9tend \u00e0 :<br \/>\nUne utilisation de l'information, des contenus et\/ou des services et des donn\u00e9es offerts par Mancomunidad Municipios Costa del Sol Axarquia qui soit contraire aux dispositions des pr\u00e9sentes conditions, \u00e0 la loi, \u00e0 la morale ou \u00e0 l'ordre public, ou qui, de toute autre mani\u00e8re, puisse porter pr\u00e9judice aux droits de tiers ou au fonctionnement du site Web.<\/p>\n<p>La v\u00e9racit\u00e9 et la l\u00e9galit\u00e9 des informations fournies par l'Utilisateur dans les formulaires mis \u00e0 disposition par Mancomunidad Municipios Costa del Sol Axarquia pour l'acc\u00e8s \u00e0 certains Contenus ou Services offerts par le Site Web. En tout \u00e9tat de cause, l'Utilisateur notifiera imm\u00e9diatement \u00e0 la Municipalit\u00e9 Costa del Sol Axarquia tout fait permettant une utilisation abusive des informations enregistr\u00e9es dans lesdits formulaires, tel que, mais sans s'y limiter, le vol, la perte ou l'acc\u00e8s non autoris\u00e9 aux identifiants et\/ou aux mots de passe, afin de proc\u00e9der \u00e0 leur annulation imm\u00e9diate.<br \/>\nLe simple acc\u00e8s \u00e0 ce site Web n'implique aucun type de relation commerciale entre la Mancomunidad Municipios Costa del Sol Axarquia et l'utilisateur.<br \/>\nConform\u00e9ment \u00e0 la l\u00e9gislation en vigueur, ce site web de la Mancomunidad Municipios Costa del Sol Axarquia s'adresse \u00e0 toutes les personnes, quel que soit leur \u00e2ge, qui peuvent acc\u00e9der et\/ou naviguer sur les pages du site web.<\/p>\n<p>III. ACC\u00c8S ET NAVIGATION SUR LE SITE WEB : EXCLUSION DE GARANTIE ET DE RESPONSABILIT\u00c9<\/p>\n<p>La Mancomunidad Municipios Costa del Sol Axarquia ne garantit pas la continuit\u00e9, la disponibilit\u00e9 et l'utilit\u00e9 du site Web, ni des contenus ou des services.<br \/>\nLa Mancomunidad Municipios Costa del Sol Axarquia met tout en \u0153uvre pour assurer le bon fonctionnement du site web, mais elle n'est pas responsable et ne garantit pas que l'acc\u00e8s \u00e0 ce site web sera ininterrompu ou exempt d'erreurs.<\/p>\n<p>Elle n'est pas non plus responsable et ne garantit pas que les contenus ou les logiciels auxquels il est possible d'acc\u00e9der par le biais de ce site Web soient exempts d'erreurs ou causent des dommages au syst\u00e8me informatique (logiciel et mat\u00e9riel) de l'utilisateur. En aucun cas, la Mancomunidad Municipios Costa del Sol Axarquia n'est responsable des pertes, dommages ou pr\u00e9judices de toute nature d\u00e9coulant de l'acc\u00e8s, de la navigation ou de l'utilisation du site web, y compris, mais sans s'y limiter, ceux caus\u00e9s aux syst\u00e8mes informatiques ou ceux caus\u00e9s par l'introduction de virus.<\/p>\n<p>La Mancomunidad Municipios Costa del Sol Axarquia n'est pas non plus responsable des dommages qui pourraient \u00eatre caus\u00e9s aux utilisateurs par une utilisation inappropri\u00e9e de ce site Web.<\/p>\n<p>En particulier, il n'est en aucun cas responsable des pannes, interruptions, d\u00e9faillances ou d\u00e9fauts de t\u00e9l\u00e9communications qui pourraient survenir.<\/p>\n<p>IV. POLITIQUE DE LIAISON<\/p>\n<p>Nous vous informons que le site Web de la Mancomunidad Municipios Costa del Sol Axarquia met ou peut mettre \u00e0 la disposition des utilisateurs des moyens de liaison (tels que, entre autres, des liens, des banni\u00e8res, des boutons), des r\u00e9pertoires et des moteurs de recherche qui permettent aux utilisateurs d'acc\u00e9der \u00e0 des sites Web appartenant \u00e0 des tiers et\/ou g\u00e9r\u00e9s par des tiers.<\/p>\n<p>L'installation de ces liens, annuaires et moteurs de recherche sur le site web a pour but de faciliter la recherche et l'acc\u00e8s des utilisateurs aux informations disponibles sur Internet, et ne peut \u00eatre consid\u00e9r\u00e9e comme une suggestion, une recommandation ou une invitation \u00e0 les visiter.<\/p>\n<p>La Mancomunidad Municipios Costa del Sol Axarquia n'offre ni ne commercialise, en son nom propre ou par l'interm\u00e9diaire de tiers, les produits et\/ou services disponibles sur ces sites li\u00e9s.<\/p>\n<p>Elle ne garantit pas non plus la disponibilit\u00e9 technique, l'exactitude, la v\u00e9racit\u00e9, la validit\u00e9 ou la l\u00e9galit\u00e9 des sites ne lui appartenant pas et accessibles par les liens.<\/p>\n<p>La Mancomunidad Municipios Costa del Sol Axarquia ne r\u00e9vise ni ne contr\u00f4le en aucun cas le contenu des autres sites web, pas plus qu'elle n'approuve, n'examine ou ne cautionne les produits et services, les contenus, les fichiers et tout autre mat\u00e9riel existant dans les sites li\u00e9s susmentionn\u00e9s.<\/p>\n<p>La Mancomunidad Municipios Costa del Sol Axarquia n'assume aucune responsabilit\u00e9 pour les dommages pouvant d\u00e9couler de l'acc\u00e8s, de l'utilisation, de la qualit\u00e9 ou de la l\u00e9galit\u00e9 des contenus, des communications, des opinions, des produits et des services des sites web non g\u00e9r\u00e9s par la Mancomunidad Municipios Costa del Sol Axarquia et qui sont li\u00e9s \u00e0 ce site web.<\/p>\n<p>L'utilisateur ou le tiers qui \u00e9tablit un lien hypertexte \u00e0 partir d'une page web d'un autre site web vers le site web de la Mancomunidad Municipios Costa del Sol Axarquia doit savoir que<br \/>\nLa reproduction - totale ou partielle - de tout contenu et\/ou service du site Web est interdite sans l'autorisation expresse de Mancomunidad Municipios Costa del Sol Axarquia.<\/p>\n<p>Il est interdit de faire des d\u00e9clarations fausses, inexactes ou incorrectes sur le site Web de la Mancomunidad Municipios Costa del Sol Axarquia, ainsi que sur les contenus et\/ou les services de ce dernier.<\/p>\n<p>\u00c0 l'exception de l'hyperlien, le site web sur lequel est \u00e9tabli l'hyperlien ne contiendra aucun \u00e9l\u00e9ment de ce site web prot\u00e9g\u00e9 en tant que propri\u00e9t\u00e9 intellectuelle par la loi espagnole, sauf autorisation expresse de Mancomunidad Municipios Costa del Sol Axarquia.<\/p>\n<p>L'\u00e9tablissement de l'hyperlien n'implique pas l'existence d'une relation entre Mancomunidad Municipios Costa del Sol Axarquia et le propri\u00e9taire du site web \u00e0 partir duquel il est \u00e9tabli, ni la connaissance et l'acceptation par Mancomunidad Municipios Costa del Sol Axarquia des contenus, services et\/ou activit\u00e9s offerts sur ledit site web, et vice-versa.<\/p>\n<p>V. PROPRI\u00c9T\u00c9 INTELLECTUELLE ET INDUSTRIELLE<\/p>\n<p>La Mancomunidad Municipios Costa del Sol Axarquia, elle-m\u00eame ou en tant que cessionnaire, est titulaire de tous les droits de propri\u00e9t\u00e9 intellectuelle et industrielle du site Web, ainsi que des \u00e9l\u00e9ments qu'il contient (y compris, mais sans s'y limiter, les images, le son, l'audio, la vid\u00e9o, le logiciel ou les textes, les marques ou les logos, les combinaisons de couleurs, la structure et la conception, la s\u00e9lection des mat\u00e9riaux utilis\u00e9s, les programmes informatiques n\u00e9cessaires \u00e0 son fonctionnement, \u00e0 son acc\u00e8s et \u00e0 son utilisation, etc.) ). Il s'agit donc d'\u0153uvres prot\u00e9g\u00e9es en tant que propri\u00e9t\u00e9 intellectuelle par le syst\u00e8me juridique espagnol, auquel s'appliquent les r\u00e9glementations espagnoles et communautaires en la mati\u00e8re, ainsi que les trait\u00e9s internationaux sign\u00e9s par l'Espagne en la mati\u00e8re.<br \/>\nTous les droits sont r\u00e9serv\u00e9s. Conform\u00e9ment aux dispositions de la loi sur la propri\u00e9t\u00e9 intellectuelle, la reproduction, la distribution et la communication publique, y compris la mise \u00e0 disposition, de tout ou partie du contenu de ce site web, \u00e0 des fins commerciales, sur tout support et par tout moyen technique, sans l'autorisation de la Mancomunidad Municipios Costa de la Costa, sont express\u00e9ment interdites.<br \/>\ndel Sol Axarquia.<\/p>\n<p>L'utilisateur s'engage \u00e0 respecter les droits de propri\u00e9t\u00e9 intellectuelle et industrielle de Mancomunidad Municipios Costa del Sol Axarquia. Vous pouvez visualiser les \u00e9l\u00e9ments du site Web ou m\u00eame les imprimer, les copier et les stocker sur le disque dur de votre ordinateur ou sur tout autre support physique, \u00e0 condition que ce soit exclusivement pour votre usage personnel. L'utilisateur ne peut toutefois pas supprimer, modifier ou manipuler tout dispositif de protection ou syst\u00e8me de s\u00e9curit\u00e9 install\u00e9 sur le site web.<\/p>\n<p>Si l'Utilisateur ou un tiers consid\u00e8re que l'un des Contenus du Site Web implique une violation des droits de protection de la propri\u00e9t\u00e9 intellectuelle, il doit en informer imm\u00e9diatement Mancomunidad Municipios Costa del Sol Axarquia aux coordonn\u00e9es indiqu\u00e9es dans la section INFORMATIONS G\u00c9N\u00c9RALES du pr\u00e9sent Avis L\u00e9gal et Conditions G\u00e9n\u00e9rales d'Utilisation.<\/p>\n<p>VI. ACTIONS EN JUSTICE, DROIT APPLICABLE ET JURIDICTION<\/p>\n<p>La Mancomunidad Municipios Costa del Sol Axarquia se r\u00e9serve le droit d'engager toute action civile ou p\u00e9nale qu'elle jugera n\u00e9cessaire en cas d'utilisation inappropri\u00e9e du site Web et de ses contenus, ou en cas de violation des pr\u00e9sentes conditions.<\/p>\n<p>La relation entre l'utilisateur et Mancomunidad Municipios Costa del Sol Axarquia sera r\u00e9gie par la r\u00e9glementation en vigueur et applicable sur le territoire espagnol. En cas de controverse sur l'interpr\u00e9tation et\/ou l'application des pr\u00e9sentes conditions, les parties soumettront leurs conflits \u00e0 la juridiction ordinaire, en s'en remettant aux juges et aux tribunaux correspondants conform\u00e9ment \u00e0 la loi.<\/p>","protected":false},"excerpt":{"rendered":"<p>I. INFORMACI\u00d3N GENERAL En cumplimiento con el deber de informaci\u00f3n dispuesto en la Ley 34\/2002 de Servicios de la Sociedad de la Informaci\u00f3n y el Comercio Electr\u00f3nico (LSSI-CE) de 11 de julio, se facilitan a continuaci\u00f3n los siguientes datos de informaci\u00f3n general de este sitio web: La titularidad de este sitio web, https:\/\/turismoaxarquiacostadelsol.com\/\u00a0(en adelante, Sitio [&hellip;]<\/p>\n","protected":false},"author":1,"featured_media":0,"parent":0,"menu_order":0,"comment_status":"closed","ping_status":"closed","template":"","meta":{"footnotes":""},"class_list":["post-3676","page","type-page","status-publish","hentry"],"_links":{"self":[{"href":"https:\/\/turismoaxarquiacostadelsol.com\/fr\/wp-json\/wp\/v2\/pages\/3676","targetHints":{"allow":["GET"]}}],"collection":[{"href":"https:\/\/turismoaxarquiacostadelsol.com\/fr\/wp-json\/wp\/v2\/pages"}],"about":[{"href":"https:\/\/turismoaxarquiacostadelsol.com\/fr\/wp-json\/wp\/v2\/types\/page"}],"author":[{"embeddable":true,"href":"https:\/\/turismoaxarquiacostadelsol.com\/fr\/wp-json\/wp\/v2\/users\/1"}],"replies":[{"embeddable":true,"href":"https:\/\/turismoaxarquiacostadelsol.com\/fr\/wp-json\/wp\/v2\/comments?post=3676"}],"version-history":[{"count":3,"href":"https:\/\/turismoaxarquiacostadelsol.com\/fr\/wp-json\/wp\/v2\/pages\/3676\/revisions"}],"predecessor-version":[{"id":4757,"href":"https:\/\/turismoaxarquiacostadelsol.com\/fr\/wp-json\/wp\/v2\/pages\/3676\/revisions\/4757"}],"wp:attachment":[{"href":"https:\/\/turismoaxarquiacostadelsol.com\/fr\/wp-json\/wp\/v2\/media?parent=3676"}],"curies":[{"name":"wp","href":"https:\/\/api.w.org\/{rel}","templated":true}]}}