{"id":3678,"date":"2025-04-30T15:08:07","date_gmt":"2025-04-30T13:08:07","guid":{"rendered":"https:\/\/turismoaxarquiacostadelsol.com\/?page_id=3678"},"modified":"2025-07-01T11:16:19","modified_gmt":"2025-07-01T09:16:19","slug":"politique-de-confidentialite-du-site-web","status":"publish","type":"page","link":"https:\/\/turismoaxarquiacostadelsol.com\/fr\/politica-de-privacidad-del-sitio-web\/","title":{"rendered":"POLITIQUE DE CONFIDENTIALIT\u00c9 DU SITE WEB"},"content":{"rendered":"<p>I. POLITIQUE DE RESPECT DE LA VIE PRIVEE ET DE PROTECTION DES DONNEES<\/p>\n<p>Conform\u00e9ment aux dispositions de la l\u00e9gislation en vigueur, la Mancomunidad de Municipios de la Costa del Sol Axarquia (ci-apr\u00e8s, le site Web) s'engage \u00e0 adopter les mesures techniques et organisationnelles n\u00e9cessaires, en fonction du niveau de s\u00e9curit\u00e9 appropri\u00e9 au risque des donn\u00e9es collect\u00e9es.<br \/>\nLois incorpor\u00e9es dans la pr\u00e9sente politique de confidentialit\u00e9<\/p>\n<p>Cette politique de confidentialit\u00e9 est adapt\u00e9e \u00e0 la l\u00e9gislation espagnole et europ\u00e9enne en vigueur sur la protection des donn\u00e9es personnelles sur Internet. En particulier, elle respecte la<br \/>\nles r\u00e8gles suivantes :<\/p>\n<ul>\n<li>R\u00e8glement (UE) 2016\/679 du Parlement europ\u00e9en et du Conseil du 27 avril 2016 relatif \u00e0 la protection des personnes physiques \u00e0 l'\u00e9gard du traitement des donn\u00e9es \u00e0 caract\u00e8re personnel et \u00e0 la protection de la vie priv\u00e9e.<br \/>\nsur le traitement des donn\u00e9es personnelles et sur la libre circulation de ces donn\u00e9es (GDPR).<\/li>\n<li>Loi organique 3\/2018, du 5 d\u00e9cembre, sur la protection des donn\u00e9es \u00e0 caract\u00e8re personnel et la garantie des droits num\u00e9riques (LOPD-GDD).<\/li>\n<li>D\u00e9cret royal 1720\/2007, du 21 d\u00e9cembre, portant approbation du r\u00e8glement d'application de la loi organique 15\/1999, du 13 d\u00e9cembre, relative \u00e0 la protection des donn\u00e9es \u00e0 caract\u00e8re personnel et \u00e0 la protection de la vie priv\u00e9e.<br \/>\nProtection des donn\u00e9es personnelles (RDLOPD).<\/li>\n<li>Loi 34\/2002, du 11 juillet, sur les services de la soci\u00e9t\u00e9 de l'information et le commerce \u00e9lectronique (LSSI-CE).<\/li>\n<\/ul>\n<p>Identit\u00e9 du responsable du traitement des donn\u00e9es \u00e0 caract\u00e8re personnel<\/p>\n<p>Le responsable du traitement des donn\u00e9es personnelles collect\u00e9es dans la Mancomunidad de Municipios de la Costa del Sol Axarquia est : Mancomunidad de Municipios de la Costa del Sol Axarquia, avec NIF\/CIF : P2909401H et enregistr\u00e9 dans : Mancomunidad de Municipios de la Costa del Sol Axarquia avec les d\u00e9tails de registre suivants : Mancomunidad de Municipios de la Costa del Sol Axarquia (ci-apr\u00e8s, le contr\u00f4leur des donn\u00e9es). Ses coordonn\u00e9es sont les suivantes :<\/p>\n<p>Adresse : Avda Andalucia 110, Torre del Mar, 29740<\/p>\n<p>T\u00e9l\u00e9phone de contact : 952542808<\/p>\n<p>Courriel de contact : turismoaxarquia@mancomunidadaxarquia.com<\/p>\n<p>Registre des donn\u00e9es personnelles<\/p>\n<p>Conform\u00e9ment aux dispositions du RGPD et de la LOPD-GDD, nous vous informons que les donn\u00e9es personnelles collect\u00e9es par Mancomunidad de Municipios de la Costa del Sol Axarquia, \u00e0 travers les formulaires de ses pages, seront incorpor\u00e9es et trait\u00e9es dans notre fichier afin de faciliter, d'acc\u00e9l\u00e9rer et d'ex\u00e9cuter les engagements \u00e9tablis entre Mancomunidad de Municipios de la Costa del Sol Axarquia et l'Utilisateur ou le maintien de la relation \u00e9tablie dans les formulaires remplis, ou pour r\u00e9pondre \u00e0 une demande ou \u00e0 une consultation de ce dernier.<\/p>\n<p>De m\u00eame, conform\u00e9ment aux dispositions du RGPD et de la LOPD-GDD, sauf exception pr\u00e9vue \u00e0 l'article 30.5 du RGPD, il est tenu un registre des activit\u00e9s de traitement qui pr\u00e9cise, en fonction de ses finalit\u00e9s, les activit\u00e9s de traitement effectu\u00e9es et les autres circonstances pr\u00e9vues par le RGPD.<\/p>\n<p>Principes applicables au traitement des donn\u00e9es \u00e0 caract\u00e8re personnel<\/p>\n<p>Le traitement des donn\u00e9es personnelles de l'Utilisateur est soumis aux principes suivants \u00e9nonc\u00e9s \u00e0 l'article 5 du RGPD et aux articles 4 et suivants de la Loi organique 3\/2018, du 5 d\u00e9cembre, sur la protection des donn\u00e9es personnelles et la garantie des droits num\u00e9riques :<\/p>\n<ul>\n<li>Principe de l\u00e9galit\u00e9, de loyaut\u00e9 et de transparence : le consentement de l'utilisateur est requis \u00e0 tout moment apr\u00e8s une information compl\u00e8te et transparente sur les finalit\u00e9s pour lesquelles les donn\u00e9es \u00e0 caract\u00e8re personnel sont collect\u00e9es.<\/li>\n<li>Principe de limitation des finalit\u00e9s : les donn\u00e9es \u00e0 caract\u00e8re personnel sont collect\u00e9es pour des finalit\u00e9s d\u00e9termin\u00e9es, explicites et l\u00e9gitimes.<\/li>\n<li>Principe de minimisation des donn\u00e9es : les donn\u00e9es \u00e0 caract\u00e8re personnel collect\u00e9es seront uniquement celles qui sont strictement n\u00e9cessaires aux fins pour lesquelles elles sont trait\u00e9es.<\/li>\n<li>Principe d'exactitude : les donn\u00e9es \u00e0 caract\u00e8re personnel doivent \u00eatre exactes et toujours \u00e0 jour.<\/li>\n<li>Principe de limitation de la dur\u00e9e de conservation : les donn\u00e9es \u00e0 caract\u00e8re personnel ne seront conserv\u00e9es sous une forme permettant l'identification de l'utilisateur que pendant la dur\u00e9e n\u00e9cessaire aux finalit\u00e9s de leur traitement.<\/li>\n<li>Principe d'int\u00e9grit\u00e9 et de confidentialit\u00e9 : les donn\u00e9es \u00e0 caract\u00e8re personnel sont trait\u00e9es de mani\u00e8re \u00e0 garantir leur s\u00e9curit\u00e9 et leur confidentialit\u00e9.<\/li>\n<li>Principe de responsabilit\u00e9 proactive : le contr\u00f4leur est charg\u00e9 de veiller \u00e0 ce que les principes susmentionn\u00e9s soient respect\u00e9s.<\/li>\n<\/ul>\n<p>Cat\u00e9gories de donn\u00e9es \u00e0 caract\u00e8re personnel<\/p>\n<p>Les cat\u00e9gories de donn\u00e9es trait\u00e9es par la Mancomunidad de Municipios de la Costa del Sol Axarquia sont uniquement des donn\u00e9es d'identification. En aucun cas, des cat\u00e9gories particuli\u00e8res de donn\u00e9es \u00e0 caract\u00e8re personnel ne sont trait\u00e9es au sens de l'article 9 du RGPD.<\/p>\n<p>Base juridique du traitement des donn\u00e9es \u00e0 caract\u00e8re personnel<\/p>\n<p>La base juridique du traitement des donn\u00e9es personnelles est le consentement. La Mancomunidad de Municipios de la Costa del Sol Axarquia s'engage \u00e0 obtenir le consentement expr\u00e8s et v\u00e9rifiable de l'utilisateur pour le traitement de ses donn\u00e9es personnelles \u00e0 une ou plusieurs fins sp\u00e9cifiques.<\/p>\n<p>L'utilisateur a le droit de retirer son consentement \u00e0 tout moment. Il doit \u00eatre aussi facile de retirer son consentement que de le donner. En r\u00e8gle g\u00e9n\u00e9rale, le retrait du consentement ne conditionne pas l'utilisation du site web.<br \/>\nDans les cas o\u00f9 l'utilisateur doit ou peut fournir ses donn\u00e9es par le biais de formulaires pour effectuer des enqu\u00eates, demander des informations ou pour des raisons li\u00e9es au contenu du site Web, il sera inform\u00e9 du caract\u00e8re obligatoire de l'ex\u00e9cution de l'un d'entre eux, \u00e9tant donn\u00e9 qu'ils sont indispensables au bon d\u00e9roulement de l'op\u00e9ration effectu\u00e9e.<\/p>\n<p>Finalit\u00e9s du traitement pour lequel les donn\u00e9es \u00e0 caract\u00e8re personnel sont utilis\u00e9es<\/p>\n<p>Les donn\u00e9es personnelles sont collect\u00e9es et g\u00e9r\u00e9es par la Mancomunidad de Municipios de la Costa del Sol Axarquia afin de faciliter, d'acc\u00e9l\u00e9rer et de remplir les engagements \u00e9tablis entre le site Web et l'utilisateur ou de maintenir la relation \u00e9tablie dans les formulaires remplis par ce dernier ou de r\u00e9pondre \u00e0 une demande ou \u00e0 une consultation.<\/p>\n<p>De m\u00eame, les donn\u00e9es pourront \u00eatre utilis\u00e9es \u00e0 des fins commerciales, de personnalisation, op\u00e9rationnelles et statistiques, et pour des activit\u00e9s li\u00e9es \u00e0 l'objet social de la Mancomunidad de Municipios de la Costa del Sol Axarquia, ainsi que pour l'extraction et le stockage de donn\u00e9es et d'\u00e9tudes de marketing afin d'adapter le contenu offert \u00e0 l'utilisateur, ainsi que pour am\u00e9liorer la qualit\u00e9, le fonctionnement et la navigation sur le site Web.<\/p>\n<p>Au moment de la collecte des donn\u00e9es personnelles, l'utilisateur sera inform\u00e9 des finalit\u00e9s sp\u00e9cifiques du traitement des donn\u00e9es personnelles, c'est-\u00e0-dire de l'usage qui sera fait des informations collect\u00e9es.<\/p>\n<p>P\u00e9riodes de conservation des donn\u00e9es \u00e0 caract\u00e8re personnel<\/p>\n<p>Les donn\u00e9es \u00e0 caract\u00e8re personnel ne seront conserv\u00e9es que pendant la dur\u00e9e minimale n\u00e9cessaire aux fins de leur traitement et, en tout \u00e9tat de cause, pendant la p\u00e9riode suivante : 18, ou jusqu'\u00e0 ce que l'utilisateur demande leur suppression.<\/p>\n<p>Au moment o\u00f9 les donn\u00e9es personnelles sont obtenues, l'utilisateur est inform\u00e9 de la dur\u00e9e de conservation des donn\u00e9es personnelles ou, si cela n'est pas possible, des crit\u00e8res utilis\u00e9s pour d\u00e9terminer cette dur\u00e9e.<\/p>\n<p>Destinataires des donn\u00e9es \u00e0 caract\u00e8re personnel<\/p>\n<p>Les donn\u00e9es personnelles de l'utilisateur ne seront pas partag\u00e9es avec des tiers.<\/p>\n<p>En tout \u00e9tat de cause, au moment de la collecte des donn\u00e9es \u00e0 caract\u00e8re personnel, l'utilisateur sera inform\u00e9 des destinataires ou des cat\u00e9gories de destinataires des donn\u00e9es \u00e0 caract\u00e8re personnel.<\/p>\n<p>Donn\u00e9es personnelles des mineurs<\/p>\n<p>En respectant les dispositions des articles 8 du RGPD et 7 de la loi organique 3\/2018, du 5 d\u00e9cembre, sur la protection des donn\u00e9es personnelles et la garantie des droits num\u00e9riques, seules les personnes \u00e2g\u00e9es de plus de 14 ans peuvent donner leur consentement au traitement de leurs donn\u00e9es personnelles de mani\u00e8re licite par Mancomunidad de Municipios de la Costa del Sol Axarquia. Dans le cas d'un mineur de moins de 14 ans, le consentement des parents ou des tuteurs sera requis pour le traitement, qui ne sera consid\u00e9r\u00e9 comme licite que dans la mesure o\u00f9 ils l'auront autoris\u00e9.<\/p>\n<p>Secret et s\u00e9curit\u00e9 des donn\u00e9es \u00e0 caract\u00e8re personnel<\/p>\n<p>La Mancomunidad de Municipios de la Costa del Sol Axarquia s'engage \u00e0 adopter les mesures techniques et organisationnelles n\u00e9cessaires, selon le niveau de s\u00e9curit\u00e9 appropri\u00e9 au risque des donn\u00e9es collect\u00e9es, afin de garantir la s\u00e9curit\u00e9 des donn\u00e9es personnelles et d'emp\u00eacher la destruction accidentelle ou illicite, la perte ou l'alt\u00e9ration des donn\u00e9es personnelles transmises, stock\u00e9es ou trait\u00e9es d'une autre mani\u00e8re, ou la communication de donn\u00e9es personnelles \u00e0 des tiers.<br \/>\nou l'acc\u00e8s non autoris\u00e9 \u00e0 ces donn\u00e9es.<\/p>\n<p>Le site Web dispose d'un certificat SSL (Secure Socket Layer), qui garantit que les donn\u00e9es personnelles sont transmises de mani\u00e8re s\u00fbre et confidentielle, puisque la transmission des donn\u00e9es entre le serveur et l'utilisateur, et en retour, est enti\u00e8rement crypt\u00e9e ou cod\u00e9e.<\/p>\n<p>Toutefois, la Mancomunidad de Municipios de la Costa del Sol Axarquia ne pouvant garantir l'impr\u00e9gnabilit\u00e9 d'Internet ni l'absence totale de hackers ou autres personnes acc\u00e9dant frauduleusement aux donn\u00e9es personnelles, le Responsable du traitement s'engage \u00e0 notifier \u00e0 l'Utilisateur, dans les meilleurs d\u00e9lais, toute violation de la s\u00e9curit\u00e9 des donn\u00e9es personnelles susceptible d'engendrer un risque \u00e9lev\u00e9 pour les droits et libert\u00e9s des personnes physiques. Conform\u00e9ment \u00e0 l'article 4 du GDPR, on entend par violation de la s\u00e9curit\u00e9 des donn\u00e9es \u00e0 caract\u00e8re personnel toute violation de la s\u00e9curit\u00e9 entra\u00eenant accidentellement ou de mani\u00e8re illicite la destruction, la perte ou l'alt\u00e9ration de donn\u00e9es \u00e0 caract\u00e8re personnel transmises, conserv\u00e9es ou trait\u00e9es d'une autre mani\u00e8re, ou la divulgation non autoris\u00e9e de ces donn\u00e9es ou l'acc\u00e8s non autoris\u00e9 \u00e0 celles-ci.<\/p>\n<p>Les donn\u00e9es \u00e0 caract\u00e8re personnel sont trait\u00e9es de mani\u00e8re confidentielle par le responsable du traitement, qui s'engage \u00e0 informer et \u00e0 faire respecter, par le biais d'une obligation l\u00e9gale ou contractuelle, cette confidentialit\u00e9 par ses employ\u00e9s, ses partenaires et toute autre personne \u00e0 laquelle il rend l'information accessible.<\/p>\n<p>Droits d\u00e9coulant du traitement des donn\u00e9es \u00e0 caract\u00e8re personnel<\/p>\n<p>L'Utilisateur a sur Mancomunidad de Municipios de la Costa del Sol Axarquia et peut, par cons\u00e9quent, exercer contre le contr\u00f4leur des donn\u00e9es les droits suivants reconnus dans le RGPD et la loi organique 3\/2018, du 5 d\u00e9cembre, sur la protection des donn\u00e9es personnelles et la garantie des droits num\u00e9riques :<\/p>\n<ul>\n<li>Droit d'acc\u00e8s : Il s'agit du droit de l'utilisateur d'obtenir la confirmation que la Mancomunidad de Municipios de la Costa del Sol Axarquia traite ou non ses donn\u00e9es personnelles et, le cas \u00e9ch\u00e9ant, d'obtenir des informations sur ses donn\u00e9es personnelles sp\u00e9cifiques et sur le traitement que la Mancomunidad de Municipios de la Costa del Sol Axarquia a effectu\u00e9 ou effectuera, ainsi que, entre autres, les informations disponibles sur l'origine de ces donn\u00e9es et sur les destinataires des communications effectu\u00e9es ou pr\u00e9vues pour ces donn\u00e9es.<\/li>\n<li>Droit de rectification : Il s'agit du droit de l'utilisateur de faire modifier ses donn\u00e9es \u00e0 caract\u00e8re personnel si elles s'av\u00e8rent inexactes ou, eu \u00e9gard aux finalit\u00e9s du traitement, incompl\u00e8tes.<\/li>\n<li>Droit \u00e0 l'effacement (\"droit \u00e0 l'oubli\") : Il s'agit du droit de l'utilisateur, sauf disposition l\u00e9gale contraire, d'obtenir l'effacement de ses donn\u00e9es \u00e0 caract\u00e8re personnel lorsque celles-ci ne sont plus n\u00e9cessaires au regard des finalit\u00e9s pour lesquelles elles ont \u00e9t\u00e9 collect\u00e9es ou trait\u00e9es ; l'utilisateur a retir\u00e9 son consentement au traitement et le traitement n'a pas d'autre fondement juridique ; l'utilisateur s'oppose au traitement et il n'y a pas d'autre raison l\u00e9gitime de poursuivre le traitement ; les donn\u00e9es \u00e0 caract\u00e8re personnel ont \u00e9t\u00e9 trait\u00e9es ill\u00e9galement ; les donn\u00e9es \u00e0 caract\u00e8re personnel doivent \u00eatre effac\u00e9es conform\u00e9ment \u00e0 une obligation l\u00e9gale ; ou les donn\u00e9es \u00e0 caract\u00e8re personnel ont \u00e9t\u00e9 obtenues \u00e0 la suite d'une offre directe de services de la soci\u00e9t\u00e9 de l'information \u00e0 une personne \u00e2g\u00e9e de moins de 14 ans. Outre l'effacement, le contr\u00f4leur prend, en tenant compte des technologies disponibles et du co\u00fbt de leur mise en \u0153uvre, des mesures raisonnables pour informer les contr\u00f4leurs qui traitent les donn\u00e9es \u00e0 caract\u00e8re personnel de la demande d'effacement de la personne concern\u00e9e de tout lien avec ces donn\u00e9es \u00e0 caract\u00e8re personnel.<\/li>\n<li>Droit \u00e0 la limitation du traitement : il s'agit du droit de l'utilisateur de limiter le traitement de ses donn\u00e9es personnelles. L'utilisateur a le droit d'obtenir la limitation du traitement lorsqu'il conteste l'exactitude de ses donn\u00e9es \u00e0 caract\u00e8re personnel ; le traitement est ill\u00e9gal ; le responsable du traitement n'a plus besoin des donn\u00e9es \u00e0 caract\u00e8re personnel, mais l'utilisateur en a besoin pour faire des r\u00e9clamations ; et lorsque l'utilisateur s'est oppos\u00e9 au traitement.<\/li>\n<li>Droit \u00e0 la portabilit\u00e9 des donn\u00e9es : Lorsque le traitement est effectu\u00e9 par des moyens automatis\u00e9s, l'utilisateur a le droit de recevoir du responsable du traitement ses donn\u00e9es \u00e0 caract\u00e8re personnel dans un format structur\u00e9, couramment utilis\u00e9 et lisible par machine, et de les transmettre \u00e0 un autre responsable du traitement. Lorsque cela est techniquement possible, le responsable du traitement transmet les donn\u00e9es directement \u00e0 cet autre responsable du traitement.<\/li>\n<li>Droit d'opposition : Il s'agit du droit de l'utilisateur de s'opposer au traitement de ses donn\u00e9es personnelles ou de faire cesser le traitement de ces donn\u00e9es par la Mancomunidad de Municipios de la Costa del Sol Axarquia.<\/li>\n<li>Droit de ne pas faire l'objet d'une d\u00e9cision fond\u00e9e exclusivement sur un traitement automatis\u00e9, y compris le profilage : il s'agit du droit de l'utilisateur de ne pas faire l'objet d'une d\u00e9cision individualis\u00e9e fond\u00e9e exclusivement sur un traitement automatis\u00e9 de ses donn\u00e9es \u00e0 caract\u00e8re personnel, y compris le profilage, sauf si la loi en dispose autrement.<\/li>\n<\/ul>\n<p>Par cons\u00e9quent, l'utilisateur peut exercer ses droits par le biais d'une communication \u00e9crite adress\u00e9e au contr\u00f4leur des donn\u00e9es avec la r\u00e9f\u00e9rence \"RGPD https:\/\/turismoaxarquiacostadelsol.com\/\", en sp\u00e9cifiant :<\/p>\n<ul>\n<li>Nom, pr\u00e9nom(s) de l'utilisateur et copie de la carte d'identit\u00e9. Dans les cas o\u00f9 la repr\u00e9sentation est autoris\u00e9e, il sera \u00e9galement n\u00e9cessaire d'identifier par les m\u00eames moyens la personne qui repr\u00e9sente l'utilisateur, ainsi que le document accr\u00e9ditant la repr\u00e9sentation. La photocopie du DNI peut \u00eatre remplac\u00e9e par tout autre moyen l\u00e9galement valable attestant de l'identit\u00e9.<\/li>\n<li>Demande accompagn\u00e9e des raisons sp\u00e9cifiques de la demande ou des informations \u00e0 consulter.<\/li>\n<li>Adresse pour les notifications.<\/li>\n<li>Date et signature du demandeur.<\/li>\n<li>Tout document justifiant la demande que vous faites.<\/li>\n<\/ul>\n<p>La pr\u00e9sente demande et les documents qui l'accompagnent peuvent \u00eatre envoy\u00e9s \u00e0 l'adresse et\/ou \u00e0 l'adresse \u00e9lectronique suivantes :<\/p>\n<p>Adresse postale : Avda Andalucia 110, Torre del Mar, 29740<br \/>\nCourriel : mancomunidadaxarquia@gmail.com<\/p>\n<p>Liens vers des sites web de tiers<\/p>\n<p>Le site Web peut inclure des hyperliens ou des liens qui permettent d'acc\u00e9der \u00e0 des sites Web de tiers autres que la Mancomunidad de Municipios de la Costa del Sol Axarquia, et qui ne sont donc pas exploit\u00e9s par la Mancomunidad de Municipios de la Costa del Sol Axarquia. Les propri\u00e9taires de ces sites web auront leurs propres politiques de protection des donn\u00e9es, \u00e9tant eux-m\u00eames, dans chaque cas, responsables de leurs propres politiques de protection des donn\u00e9es.<br \/>\net ses propres pratiques en mati\u00e8re de protection de la vie priv\u00e9e.<\/p>\n<p>Plaintes aupr\u00e8s de l'autorit\u00e9 de contr\u00f4le Si l'utilisateur estime qu'il y a un probl\u00e8me ou une infraction \u00e0 la r\u00e9glementation en vigueur dans le traitement de ses donn\u00e9es personnelles, il dispose des droits suivants<br \/>\nle droit \u00e0 une protection juridictionnelle effective et le droit de d\u00e9poser une plainte aupr\u00e8s d'une autorit\u00e9 de contr\u00f4le, en particulier dans l'\u00c9tat o\u00f9 il\/elle a sa r\u00e9sidence habituelle, son lieu de travail ou le lieu de l'infraction pr\u00e9sum\u00e9e. Dans le cas de l'Espagne, l'autorit\u00e9 de contr\u00f4le est l'Agence espagnole de protection des donn\u00e9es (https:\/\/www.aepd.es\/).<\/p>\n<p>II. ACCEPTATION ET MODIFICATION DE LA POLITIQUE DE PROTECTION DE LA VIE PRIVEE<\/p>\n<p>Il est n\u00e9cessaire que l'utilisateur ait lu et accept\u00e9 les conditions relatives \u00e0 la protection des donn\u00e9es personnelles contenues dans la pr\u00e9sente politique de confidentialit\u00e9, et qu'il accepte le traitement de ses donn\u00e9es personnelles afin que le responsable du traitement puisse proc\u00e9der de la mani\u00e8re, pendant les p\u00e9riodes et aux fins indiqu\u00e9es. L'utilisation du site web implique l'acceptation de la politique de confidentialit\u00e9.<br \/>\nConfidentialit\u00e9 de la m\u00eame mani\u00e8re.<\/p>\n<p>La Mancomunidad de Municipios de la Costa del Sol Axarquia se r\u00e9serve le droit de modifier sa Politique de Confidentialit\u00e9, selon ses propres crit\u00e8res, ou motiv\u00e9e par un changement l\u00e9gislatif, jurisprudentiel ou doctrinal de l'Agence Espagnole de Protection des Donn\u00e9es. Les modifications ou mises \u00e0 jour de cette politique de confidentialit\u00e9 ne seront pas explicitement notifi\u00e9es \u00e0 l'utilisateur. Il est recommand\u00e9 \u00e0 l'utilisateur de consulter r\u00e9guli\u00e8rement cette page.<br \/>\np\u00e9riodiquement pour se tenir au courant des derniers changements ou mises \u00e0 jour.<\/p>\n<p>Cette politique de confidentialit\u00e9 a \u00e9t\u00e9 mise \u00e0 jour pour s'adapter au r\u00e8glement (UE) 2016\/679 du Parlement europ\u00e9en et du Conseil du 27 avril 2016 relatif \u00e0 la protection des personnes physiques \u00e0 l'\u00e9gard du traitement des donn\u00e9es \u00e0 caract\u00e8re personnel et \u00e0 la libre circulation de ces donn\u00e9es (GDPR) et \u00e0 la loi organique 3\/2018 du 5 d\u00e9cembre relative \u00e0 la protection des donn\u00e9es \u00e0 caract\u00e8re personnel et \u00e0 la garantie des droits num\u00e9riques.<\/p>","protected":false},"excerpt":{"rendered":"<p>I. POL\u00cdTICA DE PRIVACIDAD Y PROTECCI\u00d3N DE DATOS Respetando lo establecido en la legislaci\u00f3n vigente, Mancomunidad de Municipios de la Costa del Sol Axarquia (en adelante, tambi\u00e9n Sitio Web) se compromete a adoptar las medidas t\u00e9cnicas y organizativas necesarias, seg\u00fan el nivel de seguridad adecuado al riesgo de los datos recogidos. Leyes que incorpora esta [&hellip;]<\/p>\n","protected":false},"author":1,"featured_media":0,"parent":0,"menu_order":0,"comment_status":"closed","ping_status":"closed","template":"","meta":{"footnotes":""},"class_list":["post-3678","page","type-page","status-publish","hentry"],"_links":{"self":[{"href":"https:\/\/turismoaxarquiacostadelsol.com\/fr\/wp-json\/wp\/v2\/pages\/3678","targetHints":{"allow":["GET"]}}],"collection":[{"href":"https:\/\/turismoaxarquiacostadelsol.com\/fr\/wp-json\/wp\/v2\/pages"}],"about":[{"href":"https:\/\/turismoaxarquiacostadelsol.com\/fr\/wp-json\/wp\/v2\/types\/page"}],"author":[{"embeddable":true,"href":"https:\/\/turismoaxarquiacostadelsol.com\/fr\/wp-json\/wp\/v2\/users\/1"}],"replies":[{"embeddable":true,"href":"https:\/\/turismoaxarquiacostadelsol.com\/fr\/wp-json\/wp\/v2\/comments?post=3678"}],"version-history":[{"count":2,"href":"https:\/\/turismoaxarquiacostadelsol.com\/fr\/wp-json\/wp\/v2\/pages\/3678\/revisions"}],"predecessor-version":[{"id":4758,"href":"https:\/\/turismoaxarquiacostadelsol.com\/fr\/wp-json\/wp\/v2\/pages\/3678\/revisions\/4758"}],"wp:attachment":[{"href":"https:\/\/turismoaxarquiacostadelsol.com\/fr\/wp-json\/wp\/v2\/media?parent=3678"}],"curies":[{"name":"wp","href":"https:\/\/api.w.org\/{rel}","templated":true}]}}