{"id":4336,"date":"2025-06-18T08:07:34","date_gmt":"2025-06-18T06:07:34","guid":{"rendered":"https:\/\/turismoaxarquiacostadelsol.com\/?page_id=4336"},"modified":"2025-06-19T15:19:51","modified_gmt":"2025-06-19T13:19:51","slug":"partenaires","status":"publish","type":"page","link":"https:\/\/turismoaxarquiacostadelsol.com\/fr\/colaboradores\/","title":{"rendered":"Partenaires"},"content":{"rendered":"<div data-elementor-type=\"wp-page\" data-elementor-id=\"4336\" class=\"elementor elementor-4336\" data-elementor-post-type=\"page\">\n\t\t\t\t<div class=\"elementor-element elementor-element-61b1938 e-flex e-con-boxed e-con e-parent\" data-id=\"61b1938\" data-element_type=\"container\" data-settings=\"{&quot;background_background&quot;:&quot;classic&quot;}\">\n\t\t\t\t\t<div class=\"e-con-inner\">\n\t\t\t\t<div class=\"elementor-element elementor-element-66ded9d elementor-icon-list--layout-inline elementor-list-item-link-full_width elementor-widget elementor-widget-icon-list\" data-id=\"66ded9d\" data-element_type=\"widget\" data-widget_type=\"icon-list.default\">\n\t\t\t\t<div class=\"elementor-widget-container\">\n\t\t\t\t\t\t\t<ul class=\"elementor-icon-list-items elementor-inline-items\">\n\t\t\t\t\t\t\t<li class=\"elementor-icon-list-item elementor-inline-item\">\n\t\t\t\t\t\t\t\t\t\t\t<a href=\"https:\/\/turismoaxarquiacostadelsol.com\/fr\/\">\n\n\t\t\t\t\t\t\t\t\t\t\t<span class=\"elementor-icon-list-text\">Accueil<\/span>\n\t\t\t\t\t\t\t\t\t\t\t<\/a>\n\t\t\t\t\t\t\t\t\t<\/li>\n\t\t\t\t\t\t\t\t<li class=\"elementor-icon-list-item elementor-inline-item\">\n\t\t\t\t\t\t\t\t\t\t\t<span class=\"elementor-icon-list-icon\">\n\t\t\t\t\t\t\t<svg aria-hidden=\"true\" class=\"e-font-icon-svg e-fas-chevron-right\" viewbox=\"0 0 320 512\" xmlns=\"http:\/\/www.w3.org\/2000\/svg\"><path d=\"M285.476 272.971L91.132 467.314c-9.373 9.373-24.569 9.373-33.941 0l-22.667-22.667c-9.357-9.357-9.375-24.522-.04-33.901L188.505 256 34.484 101.255c-9.335-9.379-9.317-24.544.04-33.901l22.667-22.667c9.373-9.373 24.569-9.373 33.941 0L285.475 239.03c9.373 9.372 9.373 24.568.001 33.941z\"><\/path><\/svg>\t\t\t\t\t\t<\/span>\n\t\t\t\t\t\t\t\t\t\t<span class=\"elementor-icon-list-text\"><\/span>\n\t\t\t\t\t\t\t\t\t<\/li>\n\t\t\t\t\t\t<\/ul>\n\t\t\t\t\t\t<\/div>\n\t\t\t\t<\/div>\n\t\t\t\t<div class=\"elementor-element elementor-element-66535fa elementor-widget__width-initial elementor-widget-mobile__width-inherit elementor-widget elementor-widget-text-editor\" data-id=\"66535fa\" data-element_type=\"widget\" data-widget_type=\"text-editor.default\">\n\t\t\t\t<div class=\"elementor-widget-container\">\n\t\t\t\t\t\t\t\t\t<p>Le personnel de <strong data-start=\"21\" data-end=\"41\">Tourisme Axarquia<\/strong> sont des entit\u00e9s cl\u00e9s qui travaillent ensemble pour stimuler le d\u00e9veloppement du tourisme et la promotion de la r\u00e9gion.<\/p>\t\t\t\t\t\t\t\t<\/div>\n\t\t\t\t<\/div>\n\t\t\t\t\t<\/div>\n\t\t\t\t<\/div>\n\t\t<div class=\"elementor-element elementor-element-866e6da e-flex e-con-boxed e-con e-parent\" data-id=\"866e6da\" data-element_type=\"container\">\n\t\t\t\t\t<div class=\"e-con-inner\">\n\t\t<div class=\"elementor-element elementor-element-707da64 e-con-full e-flex e-con e-child\" data-id=\"707da64\" data-element_type=\"container\">\n\t\t\t\t<div class=\"elementor-element elementor-element-1146715 elementor-widget elementor-widget-heading\" data-id=\"1146715\" data-element_type=\"widget\" data-widget_type=\"heading.default\">\n\t\t\t\t<div class=\"elementor-widget-container\">\n\t\t\t\t\t<h4 class=\"elementor-heading-title elementor-size-default\">Partenaires <\/h4>\t\t\t\t<\/div>\n\t\t\t\t<\/div>\n\t\t\t\t<\/div>\n\t\t\t\t\t<\/div>\n\t\t\t\t<\/div>\n\t\t<div class=\"elementor-element elementor-element-ebdac14 e-flex e-con-boxed e-con e-parent\" data-id=\"ebdac14\" data-element_type=\"container\">\n\t\t\t\t\t<div class=\"e-con-inner\">\n\t\t<div class=\"elementor-element elementor-element-d92f760 e-grid e-con-full e-con e-child\" data-id=\"d92f760\" data-element_type=\"container\">\n\t\t\t\t<div class=\"elementor-element elementor-element-bf9901c elementor-widget elementor-widget-image\" data-id=\"bf9901c\" data-element_type=\"widget\" data-widget_type=\"image.default\">\n\t\t\t\t<div class=\"elementor-widget-container\">\n\t\t\t\t\t\t\t\t\t\t\t\t\t\t\t\t<a href=\"https:\/\/mancomunidadaxarquia.com\/\" target=\"_blank\">\n\t\t\t\t\t\t\t<img fetchpriority=\"high\" decoding=\"async\" width=\"300\" height=\"300\" src=\"https:\/\/turismoaxarquiacostadelsol.com\/wp-content\/uploads\/2025\/06\/Logo_Mancomunidad_Costa_del_Sol_Oriental_-_Axarquia-300x300.png\" class=\"attachment-medium size-medium wp-image-4344\" alt=\"\" srcset=\"https:\/\/turismoaxarquiacostadelsol.com\/wp-content\/uploads\/2025\/06\/Logo_Mancomunidad_Costa_del_Sol_Oriental_-_Axarquia-300x300.png 300w, https:\/\/turismoaxarquiacostadelsol.com\/wp-content\/uploads\/2025\/06\/Logo_Mancomunidad_Costa_del_Sol_Oriental_-_Axarquia-1024x1024.png 1024w, https:\/\/turismoaxarquiacostadelsol.com\/wp-content\/uploads\/2025\/06\/Logo_Mancomunidad_Costa_del_Sol_Oriental_-_Axarquia-150x150.png 150w, https:\/\/turismoaxarquiacostadelsol.com\/wp-content\/uploads\/2025\/06\/Logo_Mancomunidad_Costa_del_Sol_Oriental_-_Axarquia-768x768.png 768w, https:\/\/turismoaxarquiacostadelsol.com\/wp-content\/uploads\/2025\/06\/Logo_Mancomunidad_Costa_del_Sol_Oriental_-_Axarquia-12x12.png 12w, https:\/\/turismoaxarquiacostadelsol.com\/wp-content\/uploads\/2025\/06\/Logo_Mancomunidad_Costa_del_Sol_Oriental_-_Axarquia.png 1200w\" sizes=\"(max-width: 300px) 100vw, 300px\" \/>\t\t\t\t\t\t\t\t<\/a>\n\t\t\t\t\t\t\t\t\t\t\t\t\t\t\t<\/div>\n\t\t\t\t<\/div>\n\t\t\t\t<div class=\"elementor-element elementor-element-0e5b640 elementor-widget elementor-widget-image\" data-id=\"0e5b640\" data-element_type=\"widget\" data-widget_type=\"image.default\">\n\t\t\t\t<div class=\"elementor-widget-container\">\n\t\t\t\t\t\t\t\t\t\t\t\t\t\t\t\t<a href=\"https:\/\/www.malaga.es\/\" target=\"_blank\">\n\t\t\t\t\t\t\t<img decoding=\"async\" width=\"630\" height=\"320\" src=\"https:\/\/turismoaxarquiacostadelsol.com\/wp-content\/uploads\/2025\/06\/logo-vector_diputacion-de-malaga.jpg\" class=\"attachment-large size-large wp-image-4345\" alt=\"\" srcset=\"https:\/\/turismoaxarquiacostadelsol.com\/wp-content\/uploads\/2025\/06\/logo-vector_diputacion-de-malaga.jpg 630w, https:\/\/turismoaxarquiacostadelsol.com\/wp-content\/uploads\/2025\/06\/logo-vector_diputacion-de-malaga-300x152.jpg 300w, https:\/\/turismoaxarquiacostadelsol.com\/wp-content\/uploads\/2025\/06\/logo-vector_diputacion-de-malaga-18x9.jpg 18w\" sizes=\"(max-width: 630px) 100vw, 630px\" \/>\t\t\t\t\t\t\t\t<\/a>\n\t\t\t\t\t\t\t\t\t\t\t\t\t\t\t<\/div>\n\t\t\t\t<\/div>\n\t\t\t\t<div class=\"elementor-element elementor-element-6844cb8 elementor-widget elementor-widget-image\" data-id=\"6844cb8\" data-element_type=\"widget\" data-widget_type=\"image.default\">\n\t\t\t\t<div class=\"elementor-widget-container\">\n\t\t\t\t\t\t\t\t\t\t\t\t\t\t\t\t<a href=\"https:\/\/www.costadelsolmalaga.org\/\" target=\"_blank\">\n\t\t\t\t\t\t\t<img decoding=\"async\" width=\"800\" height=\"800\" src=\"https:\/\/turismoaxarquiacostadelsol.com\/wp-content\/uploads\/2025\/06\/arc_216793_g-1024x1024.webp\" class=\"attachment-large size-large wp-image-4357\" alt=\"\" srcset=\"https:\/\/turismoaxarquiacostadelsol.com\/wp-content\/uploads\/2025\/06\/arc_216793_g-1024x1024.webp 1024w, https:\/\/turismoaxarquiacostadelsol.com\/wp-content\/uploads\/2025\/06\/arc_216793_g-300x300.webp 300w, https:\/\/turismoaxarquiacostadelsol.com\/wp-content\/uploads\/2025\/06\/arc_216793_g-150x150.webp 150w, https:\/\/turismoaxarquiacostadelsol.com\/wp-content\/uploads\/2025\/06\/arc_216793_g-768x768.webp 768w, https:\/\/turismoaxarquiacostadelsol.com\/wp-content\/uploads\/2025\/06\/arc_216793_g-1536x1536.webp 1536w, https:\/\/turismoaxarquiacostadelsol.com\/wp-content\/uploads\/2025\/06\/arc_216793_g-12x12.webp 12w, https:\/\/turismoaxarquiacostadelsol.com\/wp-content\/uploads\/2025\/06\/arc_216793_g.webp 1550w\" sizes=\"(max-width: 800px) 100vw, 800px\" \/>\t\t\t\t\t\t\t\t<\/a>\n\t\t\t\t\t\t\t\t\t\t\t\t\t\t\t<\/div>\n\t\t\t\t<\/div>\n\t\t\t\t<div class=\"elementor-element elementor-element-ea2d1cb elementor-widget elementor-widget-image\" data-id=\"ea2d1cb\" data-element_type=\"widget\" data-widget_type=\"image.default\">\n\t\t\t\t<div class=\"elementor-widget-container\">\n\t\t\t\t\t\t\t\t\t\t\t\t\t\t\t\t<a href=\"https:\/\/www.juntadeandalucia.es\/organismos\/turismoyandaluciaexterior.html\" target=\"_blank\">\n\t\t\t\t\t\t\t<img loading=\"lazy\" decoding=\"async\" width=\"330\" height=\"249\" src=\"https:\/\/turismoaxarquiacostadelsol.com\/wp-content\/uploads\/2025\/06\/Logo_de_la_Consejeria_de_Turismo_Regeneracion_Justicia_y_Administracion_Local_de_la_Junta_de_Andalucia.png\" class=\"attachment-large size-large wp-image-4351\" alt=\"\" srcset=\"https:\/\/turismoaxarquiacostadelsol.com\/wp-content\/uploads\/2025\/06\/Logo_de_la_Consejeria_de_Turismo_Regeneracion_Justicia_y_Administracion_Local_de_la_Junta_de_Andalucia.png 330w, https:\/\/turismoaxarquiacostadelsol.com\/wp-content\/uploads\/2025\/06\/Logo_de_la_Consejeria_de_Turismo_Regeneracion_Justicia_y_Administracion_Local_de_la_Junta_de_Andalucia-300x226.png 300w, https:\/\/turismoaxarquiacostadelsol.com\/wp-content\/uploads\/2025\/06\/Logo_de_la_Consejeria_de_Turismo_Regeneracion_Justicia_y_Administracion_Local_de_la_Junta_de_Andalucia-16x12.png 16w\" sizes=\"(max-width: 330px) 100vw, 330px\" \/>\t\t\t\t\t\t\t\t<\/a>\n\t\t\t\t\t\t\t\t\t\t\t\t\t\t\t<\/div>\n\t\t\t\t<\/div>\n\t\t\t\t<div class=\"elementor-element elementor-element-c5274ba elementor-widget elementor-widget-image\" data-id=\"c5274ba\" data-element_type=\"widget\" data-widget_type=\"image.default\">\n\t\t\t\t<div class=\"elementor-widget-container\">\n\t\t\t\t\t\t\t\t\t\t\t\t\t\t\t\t<a href=\"https:\/\/www.destinosinteligentes.es\/\" target=\"_blank\">\n\t\t\t\t\t\t\t<img loading=\"lazy\" decoding=\"async\" width=\"800\" height=\"289\" src=\"https:\/\/turismoaxarquiacostadelsol.com\/wp-content\/uploads\/2025\/06\/logo_red_dti_standar-1024x370.png\" class=\"attachment-large size-large wp-image-4352\" alt=\"\" srcset=\"https:\/\/turismoaxarquiacostadelsol.com\/wp-content\/uploads\/2025\/06\/logo_red_dti_standar-1024x370.png 1024w, https:\/\/turismoaxarquiacostadelsol.com\/wp-content\/uploads\/2025\/06\/logo_red_dti_standar-300x108.png 300w, https:\/\/turismoaxarquiacostadelsol.com\/wp-content\/uploads\/2025\/06\/logo_red_dti_standar-768x277.png 768w, https:\/\/turismoaxarquiacostadelsol.com\/wp-content\/uploads\/2025\/06\/logo_red_dti_standar-1536x555.png 1536w, https:\/\/turismoaxarquiacostadelsol.com\/wp-content\/uploads\/2025\/06\/logo_red_dti_standar-2048x740.png 2048w, https:\/\/turismoaxarquiacostadelsol.com\/wp-content\/uploads\/2025\/06\/logo_red_dti_standar-18x7.png 18w\" sizes=\"(max-width: 800px) 100vw, 800px\" \/>\t\t\t\t\t\t\t\t<\/a>\n\t\t\t\t\t\t\t\t\t\t\t\t\t\t\t<\/div>\n\t\t\t\t<\/div>\n\t\t\t\t<div class=\"elementor-element elementor-element-d098316 elementor-widget elementor-widget-image\" data-id=\"d098316\" data-element_type=\"widget\" data-widget_type=\"image.default\">\n\t\t\t\t<div class=\"elementor-widget-container\">\n\t\t\t\t\t\t\t\t\t\t\t\t\t\t\t\t<a href=\"https:\/\/aehcos.es\/\" target=\"_blank\">\n\t\t\t\t\t\t\t<img loading=\"lazy\" decoding=\"async\" width=\"800\" height=\"384\" src=\"https:\/\/turismoaxarquiacostadelsol.com\/wp-content\/uploads\/2025\/06\/arc_27906_g-1024x491.webp\" class=\"attachment-large size-large wp-image-4353\" alt=\"\" srcset=\"https:\/\/turismoaxarquiacostadelsol.com\/wp-content\/uploads\/2025\/06\/arc_27906_g-1024x491.webp 1024w, https:\/\/turismoaxarquiacostadelsol.com\/wp-content\/uploads\/2025\/06\/arc_27906_g-300x144.webp 300w, https:\/\/turismoaxarquiacostadelsol.com\/wp-content\/uploads\/2025\/06\/arc_27906_g-768x368.webp 768w, https:\/\/turismoaxarquiacostadelsol.com\/wp-content\/uploads\/2025\/06\/arc_27906_g-1536x736.webp 1536w, https:\/\/turismoaxarquiacostadelsol.com\/wp-content\/uploads\/2025\/06\/arc_27906_g-18x9.webp 18w, https:\/\/turismoaxarquiacostadelsol.com\/wp-content\/uploads\/2025\/06\/arc_27906_g.webp 1550w\" sizes=\"(max-width: 800px) 100vw, 800px\" \/>\t\t\t\t\t\t\t\t<\/a>\n\t\t\t\t\t\t\t\t\t\t\t\t\t\t\t<\/div>\n\t\t\t\t<\/div>\n\t\t\t\t<div class=\"elementor-element elementor-element-d58b416 elementor-widget elementor-widget-image\" data-id=\"d58b416\" data-element_type=\"widget\" data-widget_type=\"image.default\">\n\t\t\t\t<div class=\"elementor-widget-container\">\n\t\t\t\t\t\t\t\t\t\t\t\t\t\t\t\t<a href=\"https:\/\/www.cederaxarquia.org\/\" target=\"_blank\">\n\t\t\t\t\t\t\t<img loading=\"lazy\" decoding=\"async\" width=\"400\" height=\"194\" src=\"https:\/\/turismoaxarquiacostadelsol.com\/wp-content\/uploads\/2025\/02\/LOGO-CEDER-JPG.webp\" class=\"attachment-large size-large wp-image-2132\" alt=\"\" srcset=\"https:\/\/turismoaxarquiacostadelsol.com\/wp-content\/uploads\/2025\/02\/LOGO-CEDER-JPG.webp 400w, https:\/\/turismoaxarquiacostadelsol.com\/wp-content\/uploads\/2025\/02\/LOGO-CEDER-JPG-300x146.webp 300w\" sizes=\"(max-width: 400px) 100vw, 400px\" \/>\t\t\t\t\t\t\t\t<\/a>\n\t\t\t\t\t\t\t\t\t\t\t\t\t\t\t<\/div>\n\t\t\t\t<\/div>\n\t\t\t\t<div class=\"elementor-element elementor-element-fff0c70 elementor-widget elementor-widget-image\" data-id=\"fff0c70\" data-element_type=\"widget\" data-widget_type=\"image.default\">\n\t\t\t\t<div class=\"elementor-widget-container\">\n\t\t\t\t\t\t\t\t\t\t\t\t\t\t\t\t<a href=\"https:\/\/aeplayas.es\/\" target=\"_blank\">\n\t\t\t\t\t\t\t<img loading=\"lazy\" decoding=\"async\" width=\"300\" height=\"259\" src=\"https:\/\/turismoaxarquiacostadelsol.com\/wp-content\/uploads\/2025\/06\/AEPLA-LOGO-3.jpg\" class=\"attachment-large size-large wp-image-4572\" alt=\"\" srcset=\"https:\/\/turismoaxarquiacostadelsol.com\/wp-content\/uploads\/2025\/06\/AEPLA-LOGO-3.jpg 300w, https:\/\/turismoaxarquiacostadelsol.com\/wp-content\/uploads\/2025\/06\/AEPLA-LOGO-3-14x12.jpg 14w\" sizes=\"(max-width: 300px) 100vw, 300px\" \/>\t\t\t\t\t\t\t\t<\/a>\n\t\t\t\t\t\t\t\t\t\t\t\t\t\t\t<\/div>\n\t\t\t\t<\/div>\n\t\t\t\t<\/div>\n\t\t\t\t\t<\/div>\n\t\t\t\t<\/div>\n\t\t\t\t<\/div>","protected":false},"excerpt":{"rendered":"<p>Inicio Los colaboradores de Turismo Axarqu\u00eda son entidades clave que trabajan de forma conjunta para impulsar el desarrollo tur\u00edstico y la promoci\u00f3n de la comarca. Colaboradores<\/p>","protected":false},"author":1,"featured_media":0,"parent":0,"menu_order":0,"comment_status":"closed","ping_status":"closed","template":"","meta":{"footnotes":""},"class_list":["post-4336","page","type-page","status-publish","hentry"],"_links":{"self":[{"href":"https:\/\/turismoaxarquiacostadelsol.com\/fr\/wp-json\/wp\/v2\/pages\/4336","targetHints":{"allow":["GET"]}}],"collection":[{"href":"https:\/\/turismoaxarquiacostadelsol.com\/fr\/wp-json\/wp\/v2\/pages"}],"about":[{"href":"https:\/\/turismoaxarquiacostadelsol.com\/fr\/wp-json\/wp\/v2\/types\/page"}],"author":[{"embeddable":true,"href":"https:\/\/turismoaxarquiacostadelsol.com\/fr\/wp-json\/wp\/v2\/users\/1"}],"replies":[{"embeddable":true,"href":"https:\/\/turismoaxarquiacostadelsol.com\/fr\/wp-json\/wp\/v2\/comments?post=4336"}],"version-history":[{"count":13,"href":"https:\/\/turismoaxarquiacostadelsol.com\/fr\/wp-json\/wp\/v2\/pages\/4336\/revisions"}],"predecessor-version":[{"id":4575,"href":"https:\/\/turismoaxarquiacostadelsol.com\/fr\/wp-json\/wp\/v2\/pages\/4336\/revisions\/4575"}],"wp:attachment":[{"href":"https:\/\/turismoaxarquiacostadelsol.com\/fr\/wp-json\/wp\/v2\/media?parent=4336"}],"curies":[{"name":"wp","href":"https:\/\/api.w.org\/{rel}","templated":true}]}}